{"id":7182,"date":"2024-08-03T16:44:39","date_gmt":"2024-08-03T19:44:39","guid":{"rendered":"https:\/\/patybuoso.com.br\/site\/?post_type=product&#038;p=7182"},"modified":"2026-04-16T15:17:09","modified_gmt":"2026-04-16T18:17:09","slug":"kit-pinceis-de-preenchimento","status":"publish","type":"product","link":"https:\/\/patybuoso.com.br\/site\/produto\/kit-pinceis-de-preenchimento\/","title":{"rendered":"Kit  de pinc\u00e9is  para  Preenchimento"},"content":{"rendered":"<p>Cont\u00e9m 7 pinceis de qualidade e marca Castelo (cabo anat\u00f4mico de pl\u00e1stico). Esse kit \u00e9 perfeito para etapa de preenchimento no tecido de qualquer espa\u00e7o pois as numera\u00e7\u00f5es de tamanhos tem de pequeno, m\u00e9dio e grande. N\u00e3o precisa podar. Optei por duas referencias nesse kit para adaptar luz seca e retoque conforme meu m\u00e9todo de ensino.<\/p>\n<p>Dica: nunca deixe seu pincel muito tempo na \u00e1gua, limpe bem, enxague, seque com cuidado, deslize os dedos nas cerda antes de guardar de prefer\u00eancia num copo com as cerdas para cima.<\/p>\n<p>A durabilidade ir\u00e1 depender tamb\u00e9m de seus cuidados<\/p>\n","protected":false},"excerpt":{"rendered":"<p>Cont\u00e9m 7 pinceis de qualidade e marca Castelo (cabo anat\u00f4mico de pl\u00e1stico). Esse kit \u00e9 perfeito para etapa de preenchimento no tecido de qualquer espa\u00e7o pois as numera\u00e7\u00f5es de tamanhos tem de pequeno, m\u00e9dio e grande. N\u00e3o precisa podar. Optei por duas referencias nesse kit para adaptar luz seca e retoque conforme meu m\u00e9todo de [&hellip;]<\/p>\n","protected":false},"featured_media":7364,"template":"","meta":{"_et_pb_use_builder":"","_et_pb_old_content":"","_et_gb_content_width":""},"product_brand":[],"product_cat":[110],"product_tag":[134,130],"class_list":{"0":"post-7182","1":"product","2":"type-product","3":"status-publish","4":"has-post-thumbnail","6":"product_cat-pinceis","7":"product_tag-stencil-artesanato-pinturaemtecido","8":"product_tag-pinceis","10":"first","11":"instock","12":"shipping-taxable","13":"purchasable","14":"product-type-simple"},"yoast_head":"<!-- This site is optimized with the Yoast SEO plugin v27.4 - https:\/\/yoast.com\/product\/yoast-seo-wordpress\/ -->\n<title>Kit de pinc\u00e9is para Preenchimento - Paty Buoso<\/title>\n<meta name=\"robots\" content=\"index, follow, max-snippet:-1, max-image-preview:large, max-video-preview:-1\" \/>\n<link rel=\"canonical\" href=\"https:\/\/patybuoso.com.br\/site\/produto\/kit-pinceis-de-preenchimento\/\" \/>\n<meta property=\"og:locale\" content=\"pt_BR\" \/>\n<meta property=\"og:type\" content=\"article\" \/>\n<meta property=\"og:title\" content=\"Kit de pinc\u00e9is para Preenchimento - Paty Buoso\" \/>\n<meta property=\"og:description\" content=\"Cont\u00e9m 7 pinceis de qualidade e marca Castelo (cabo anat\u00f4mico de pl\u00e1stico). Esse kit \u00e9 perfeito para etapa de preenchimento no tecido de qualquer espa\u00e7o pois as numera\u00e7\u00f5es de tamanhos tem de pequeno, m\u00e9dio e grande. N\u00e3o precisa podar. Optei por duas referencias nesse kit para adaptar luz seca e retoque conforme meu m\u00e9todo de [&hellip;]\" \/>\n<meta property=\"og:url\" content=\"https:\/\/patybuoso.com.br\/site\/produto\/kit-pinceis-de-preenchimento\/\" \/>\n<meta property=\"og:site_name\" content=\"Paty Buoso\" \/>\n<meta property=\"article:modified_time\" content=\"2026-04-16T18:17:09+00:00\" \/>\n<meta property=\"og:image\" content=\"https:\/\/patybuoso.com.br\/site\/wp-content\/uploads\/2024\/08\/Imagem-do-WhatsApp-de-2024-11-14-as-09.09.55_fb735cfc.jpg\" \/>\n\t<meta property=\"og:image:width\" content=\"1280\" \/>\n\t<meta property=\"og:image:height\" content=\"1280\" \/>\n\t<meta property=\"og:image:type\" content=\"image\/jpeg\" \/>\n<meta name=\"twitter:card\" content=\"summary_large_image\" \/>\n<meta name=\"twitter:label1\" content=\"Est. tempo de leitura\" \/>\n\t<meta name=\"twitter:data1\" content=\"1 minuto\" \/>\n<script type=\"application\/ld+json\" class=\"yoast-schema-graph\">{\"@context\":\"https:\\\/\\\/schema.org\",\"@graph\":[{\"@type\":\"WebPage\",\"@id\":\"https:\\\/\\\/patybuoso.com.br\\\/site\\\/produto\\\/kit-pinceis-de-preenchimento\\\/\",\"url\":\"https:\\\/\\\/patybuoso.com.br\\\/site\\\/produto\\\/kit-pinceis-de-preenchimento\\\/\",\"name\":\"Kit de pinc\u00e9is para Preenchimento - Paty Buoso\",\"isPartOf\":{\"@id\":\"https:\\\/\\\/patybuoso.com.br\\\/site\\\/#website\"},\"primaryImageOfPage\":{\"@id\":\"https:\\\/\\\/patybuoso.com.br\\\/site\\\/produto\\\/kit-pinceis-de-preenchimento\\\/#primaryimage\"},\"image\":{\"@id\":\"https:\\\/\\\/patybuoso.com.br\\\/site\\\/produto\\\/kit-pinceis-de-preenchimento\\\/#primaryimage\"},\"thumbnailUrl\":\"https:\\\/\\\/patybuoso.com.br\\\/site\\\/wp-content\\\/uploads\\\/2024\\\/08\\\/Imagem-do-WhatsApp-de-2024-11-14-as-09.09.55_fb735cfc.jpg\",\"datePublished\":\"2024-08-03T19:44:39+00:00\",\"dateModified\":\"2026-04-16T18:17:09+00:00\",\"breadcrumb\":{\"@id\":\"https:\\\/\\\/patybuoso.com.br\\\/site\\\/produto\\\/kit-pinceis-de-preenchimento\\\/#breadcrumb\"},\"inLanguage\":\"pt-BR\",\"potentialAction\":[{\"@type\":\"ReadAction\",\"target\":[\"https:\\\/\\\/patybuoso.com.br\\\/site\\\/produto\\\/kit-pinceis-de-preenchimento\\\/\"]}]},{\"@type\":\"ImageObject\",\"inLanguage\":\"pt-BR\",\"@id\":\"https:\\\/\\\/patybuoso.com.br\\\/site\\\/produto\\\/kit-pinceis-de-preenchimento\\\/#primaryimage\",\"url\":\"https:\\\/\\\/patybuoso.com.br\\\/site\\\/wp-content\\\/uploads\\\/2024\\\/08\\\/Imagem-do-WhatsApp-de-2024-11-14-as-09.09.55_fb735cfc.jpg\",\"contentUrl\":\"https:\\\/\\\/patybuoso.com.br\\\/site\\\/wp-content\\\/uploads\\\/2024\\\/08\\\/Imagem-do-WhatsApp-de-2024-11-14-as-09.09.55_fb735cfc.jpg\",\"width\":1280,\"height\":1280},{\"@type\":\"BreadcrumbList\",\"@id\":\"https:\\\/\\\/patybuoso.com.br\\\/site\\\/produto\\\/kit-pinceis-de-preenchimento\\\/#breadcrumb\",\"itemListElement\":[{\"@type\":\"ListItem\",\"position\":1,\"name\":\"In\u00edcio\",\"item\":\"https:\\\/\\\/patybuoso.com.br\\\/site\\\/\"},{\"@type\":\"ListItem\",\"position\":2,\"name\":\"Loja\",\"item\":\"https:\\\/\\\/patybuoso.com.br\\\/site\\\/loja\\\/\"},{\"@type\":\"ListItem\",\"position\":3,\"name\":\"Kit de pinc\u00e9is para Preenchimento\"}]},{\"@type\":\"WebSite\",\"@id\":\"https:\\\/\\\/patybuoso.com.br\\\/site\\\/#website\",\"url\":\"https:\\\/\\\/patybuoso.com.br\\\/site\\\/\",\"name\":\"Paty Buoso\",\"description\":\"Projetos para Pintura\",\"potentialAction\":[{\"@type\":\"SearchAction\",\"target\":{\"@type\":\"EntryPoint\",\"urlTemplate\":\"https:\\\/\\\/patybuoso.com.br\\\/site\\\/?s={search_term_string}\"},\"query-input\":{\"@type\":\"PropertyValueSpecification\",\"valueRequired\":true,\"valueName\":\"search_term_string\"}}],\"inLanguage\":\"pt-BR\"}]}<\/script>\n<!-- \/ Yoast SEO plugin. -->","yoast_head_json":{"title":"Kit de pinc\u00e9is para Preenchimento - Paty Buoso","robots":{"index":"index","follow":"follow","max-snippet":"max-snippet:-1","max-image-preview":"max-image-preview:large","max-video-preview":"max-video-preview:-1"},"canonical":"https:\/\/patybuoso.com.br\/site\/produto\/kit-pinceis-de-preenchimento\/","og_locale":"pt_BR","og_type":"article","og_title":"Kit de pinc\u00e9is para Preenchimento - Paty Buoso","og_description":"Cont\u00e9m 7 pinceis de qualidade e marca Castelo (cabo anat\u00f4mico de pl\u00e1stico). Esse kit \u00e9 perfeito para etapa de preenchimento no tecido de qualquer espa\u00e7o pois as numera\u00e7\u00f5es de tamanhos tem de pequeno, m\u00e9dio e grande. N\u00e3o precisa podar. Optei por duas referencias nesse kit para adaptar luz seca e retoque conforme meu m\u00e9todo de [&hellip;]","og_url":"https:\/\/patybuoso.com.br\/site\/produto\/kit-pinceis-de-preenchimento\/","og_site_name":"Paty Buoso","article_modified_time":"2026-04-16T18:17:09+00:00","og_image":[{"width":1280,"height":1280,"url":"https:\/\/patybuoso.com.br\/site\/wp-content\/uploads\/2024\/08\/Imagem-do-WhatsApp-de-2024-11-14-as-09.09.55_fb735cfc.jpg","type":"image\/jpeg"}],"twitter_card":"summary_large_image","twitter_misc":{"Est. tempo de leitura":"1 minuto"},"schema":{"@context":"https:\/\/schema.org","@graph":[{"@type":"WebPage","@id":"https:\/\/patybuoso.com.br\/site\/produto\/kit-pinceis-de-preenchimento\/","url":"https:\/\/patybuoso.com.br\/site\/produto\/kit-pinceis-de-preenchimento\/","name":"Kit de pinc\u00e9is para Preenchimento - Paty Buoso","isPartOf":{"@id":"https:\/\/patybuoso.com.br\/site\/#website"},"primaryImageOfPage":{"@id":"https:\/\/patybuoso.com.br\/site\/produto\/kit-pinceis-de-preenchimento\/#primaryimage"},"image":{"@id":"https:\/\/patybuoso.com.br\/site\/produto\/kit-pinceis-de-preenchimento\/#primaryimage"},"thumbnailUrl":"https:\/\/patybuoso.com.br\/site\/wp-content\/uploads\/2024\/08\/Imagem-do-WhatsApp-de-2024-11-14-as-09.09.55_fb735cfc.jpg","datePublished":"2024-08-03T19:44:39+00:00","dateModified":"2026-04-16T18:17:09+00:00","breadcrumb":{"@id":"https:\/\/patybuoso.com.br\/site\/produto\/kit-pinceis-de-preenchimento\/#breadcrumb"},"inLanguage":"pt-BR","potentialAction":[{"@type":"ReadAction","target":["https:\/\/patybuoso.com.br\/site\/produto\/kit-pinceis-de-preenchimento\/"]}]},{"@type":"ImageObject","inLanguage":"pt-BR","@id":"https:\/\/patybuoso.com.br\/site\/produto\/kit-pinceis-de-preenchimento\/#primaryimage","url":"https:\/\/patybuoso.com.br\/site\/wp-content\/uploads\/2024\/08\/Imagem-do-WhatsApp-de-2024-11-14-as-09.09.55_fb735cfc.jpg","contentUrl":"https:\/\/patybuoso.com.br\/site\/wp-content\/uploads\/2024\/08\/Imagem-do-WhatsApp-de-2024-11-14-as-09.09.55_fb735cfc.jpg","width":1280,"height":1280},{"@type":"BreadcrumbList","@id":"https:\/\/patybuoso.com.br\/site\/produto\/kit-pinceis-de-preenchimento\/#breadcrumb","itemListElement":[{"@type":"ListItem","position":1,"name":"In\u00edcio","item":"https:\/\/patybuoso.com.br\/site\/"},{"@type":"ListItem","position":2,"name":"Loja","item":"https:\/\/patybuoso.com.br\/site\/loja\/"},{"@type":"ListItem","position":3,"name":"Kit de pinc\u00e9is para Preenchimento"}]},{"@type":"WebSite","@id":"https:\/\/patybuoso.com.br\/site\/#website","url":"https:\/\/patybuoso.com.br\/site\/","name":"Paty Buoso","description":"Projetos para Pintura","potentialAction":[{"@type":"SearchAction","target":{"@type":"EntryPoint","urlTemplate":"https:\/\/patybuoso.com.br\/site\/?s={search_term_string}"},"query-input":{"@type":"PropertyValueSpecification","valueRequired":true,"valueName":"search_term_string"}}],"inLanguage":"pt-BR"}]}},"_links":{"self":[{"href":"https:\/\/patybuoso.com.br\/site\/wp-json\/wp\/v2\/product\/7182","targetHints":{"allow":["GET"]}}],"collection":[{"href":"https:\/\/patybuoso.com.br\/site\/wp-json\/wp\/v2\/product"}],"about":[{"href":"https:\/\/patybuoso.com.br\/site\/wp-json\/wp\/v2\/types\/product"}],"wp:featuredmedia":[{"embeddable":true,"href":"https:\/\/patybuoso.com.br\/site\/wp-json\/wp\/v2\/media\/7364"}],"wp:attachment":[{"href":"https:\/\/patybuoso.com.br\/site\/wp-json\/wp\/v2\/media?parent=7182"}],"wp:term":[{"taxonomy":"product_brand","embeddable":true,"href":"https:\/\/patybuoso.com.br\/site\/wp-json\/wp\/v2\/product_brand?post=7182"},{"taxonomy":"product_cat","embeddable":true,"href":"https:\/\/patybuoso.com.br\/site\/wp-json\/wp\/v2\/product_cat?post=7182"},{"taxonomy":"product_tag","embeddable":true,"href":"https:\/\/patybuoso.com.br\/site\/wp-json\/wp\/v2\/product_tag?post=7182"}],"curies":[{"name":"wp","href":"https:\/\/api.w.org\/{rel}","templated":true}]}}