{"id":6705,"date":"2023-10-16T11:56:41","date_gmt":"2023-10-16T14:56:41","guid":{"rendered":"https:\/\/patybuoso.com.br\/site\/?post_type=product&#038;p=6705"},"modified":"2026-03-30T19:43:14","modified_gmt":"2026-03-30T22:43:14","slug":"pa-318-cabecinha-e-mini-coracoes-faixinha-5x20","status":"publish","type":"product","link":"https:\/\/patybuoso.com.br\/site\/produto\/pa-318-cabecinha-e-mini-coracoes-faixinha-5x20\/","title":{"rendered":"Pa 318 &#8211; Cabecinha e mini cora\u00e7\u00f5es faixinha &#8211; 5&#215;20"},"content":{"rendered":"<p>Cont\u00e9m uma placa de Stencil importada, molde vazado 5&#215;20<\/p>\n","protected":false},"excerpt":{"rendered":"<p>Cont\u00e9m uma placa de Stencil importada, molde vazado 5&#215;20<\/p>\n","protected":false},"featured_media":7851,"template":"","meta":{"_et_pb_use_builder":"","_et_pb_old_content":"","_et_gb_content_width":""},"product_brand":[],"product_cat":[147,60,67,21,135,163],"product_tag":[134],"class_list":{"0":"post-6705","1":"product","2":"type-product","3":"status-publish","4":"has-post-thumbnail","6":"product_cat-5x20","7":"product_cat-estampas","8":"product_cat-motivos-infantis","9":"product_cat-estencil-paty-buoso","10":"product_cat-stencil-por-tamanho","11":"product_cat-mickey","12":"product_tag-stencil-artesanato-pinturaemtecido","14":"first","15":"instock","16":"shipping-taxable","17":"purchasable","18":"product-type-simple"},"yoast_head":"<!-- This site is optimized with the Yoast SEO plugin v27.4 - https:\/\/yoast.com\/product\/yoast-seo-wordpress\/ -->\n<title>Pa 318 - Cabecinha e mini cora\u00e7\u00f5es faixinha - 5x20 - Paty Buoso<\/title>\n<meta name=\"robots\" content=\"index, follow, max-snippet:-1, max-image-preview:large, max-video-preview:-1\" \/>\n<link rel=\"canonical\" href=\"https:\/\/patybuoso.com.br\/site\/produto\/pa-318-cabecinha-e-mini-coracoes-faixinha-5x20\/\" \/>\n<meta property=\"og:locale\" content=\"pt_BR\" \/>\n<meta property=\"og:type\" content=\"article\" \/>\n<meta property=\"og:title\" content=\"Pa 318 - Cabecinha e mini cora\u00e7\u00f5es faixinha - 5x20 - Paty Buoso\" \/>\n<meta property=\"og:description\" content=\"Cont\u00e9m uma placa de Stencil importada, molde vazado 5&#215;20\" \/>\n<meta property=\"og:url\" content=\"https:\/\/patybuoso.com.br\/site\/produto\/pa-318-cabecinha-e-mini-coracoes-faixinha-5x20\/\" \/>\n<meta property=\"og:site_name\" content=\"Paty Buoso\" \/>\n<meta property=\"article:modified_time\" content=\"2026-03-30T22:43:14+00:00\" \/>\n<meta property=\"og:image\" content=\"https:\/\/patybuoso.com.br\/site\/wp-content\/uploads\/2023\/10\/6_20250512_193749_0005.jpg\" \/>\n\t<meta property=\"og:image:width\" content=\"1280\" \/>\n\t<meta property=\"og:image:height\" content=\"1280\" \/>\n\t<meta property=\"og:image:type\" content=\"image\/jpeg\" \/>\n<meta name=\"twitter:card\" content=\"summary_large_image\" \/>\n<meta name=\"twitter:label1\" content=\"Est. tempo de leitura\" \/>\n\t<meta name=\"twitter:data1\" content=\"1 minuto\" \/>\n<script type=\"application\/ld+json\" class=\"yoast-schema-graph\">{\"@context\":\"https:\\\/\\\/schema.org\",\"@graph\":[{\"@type\":\"WebPage\",\"@id\":\"https:\\\/\\\/patybuoso.com.br\\\/site\\\/produto\\\/pa-318-cabecinha-e-mini-coracoes-faixinha-5x20\\\/\",\"url\":\"https:\\\/\\\/patybuoso.com.br\\\/site\\\/produto\\\/pa-318-cabecinha-e-mini-coracoes-faixinha-5x20\\\/\",\"name\":\"Pa 318 - Cabecinha e mini cora\u00e7\u00f5es faixinha - 5x20 - Paty Buoso\",\"isPartOf\":{\"@id\":\"https:\\\/\\\/patybuoso.com.br\\\/site\\\/#website\"},\"primaryImageOfPage\":{\"@id\":\"https:\\\/\\\/patybuoso.com.br\\\/site\\\/produto\\\/pa-318-cabecinha-e-mini-coracoes-faixinha-5x20\\\/#primaryimage\"},\"image\":{\"@id\":\"https:\\\/\\\/patybuoso.com.br\\\/site\\\/produto\\\/pa-318-cabecinha-e-mini-coracoes-faixinha-5x20\\\/#primaryimage\"},\"thumbnailUrl\":\"https:\\\/\\\/patybuoso.com.br\\\/site\\\/wp-content\\\/uploads\\\/2023\\\/10\\\/6_20250512_193749_0005.jpg\",\"datePublished\":\"2023-10-16T14:56:41+00:00\",\"dateModified\":\"2026-03-30T22:43:14+00:00\",\"breadcrumb\":{\"@id\":\"https:\\\/\\\/patybuoso.com.br\\\/site\\\/produto\\\/pa-318-cabecinha-e-mini-coracoes-faixinha-5x20\\\/#breadcrumb\"},\"inLanguage\":\"pt-BR\",\"potentialAction\":[{\"@type\":\"ReadAction\",\"target\":[\"https:\\\/\\\/patybuoso.com.br\\\/site\\\/produto\\\/pa-318-cabecinha-e-mini-coracoes-faixinha-5x20\\\/\"]}]},{\"@type\":\"ImageObject\",\"inLanguage\":\"pt-BR\",\"@id\":\"https:\\\/\\\/patybuoso.com.br\\\/site\\\/produto\\\/pa-318-cabecinha-e-mini-coracoes-faixinha-5x20\\\/#primaryimage\",\"url\":\"https:\\\/\\\/patybuoso.com.br\\\/site\\\/wp-content\\\/uploads\\\/2023\\\/10\\\/6_20250512_193749_0005.jpg\",\"contentUrl\":\"https:\\\/\\\/patybuoso.com.br\\\/site\\\/wp-content\\\/uploads\\\/2023\\\/10\\\/6_20250512_193749_0005.jpg\",\"width\":1280,\"height\":1280},{\"@type\":\"BreadcrumbList\",\"@id\":\"https:\\\/\\\/patybuoso.com.br\\\/site\\\/produto\\\/pa-318-cabecinha-e-mini-coracoes-faixinha-5x20\\\/#breadcrumb\",\"itemListElement\":[{\"@type\":\"ListItem\",\"position\":1,\"name\":\"In\u00edcio\",\"item\":\"https:\\\/\\\/patybuoso.com.br\\\/site\\\/\"},{\"@type\":\"ListItem\",\"position\":2,\"name\":\"Loja\",\"item\":\"https:\\\/\\\/patybuoso.com.br\\\/site\\\/loja\\\/\"},{\"@type\":\"ListItem\",\"position\":3,\"name\":\"Pa 318 &#8211; Cabecinha e mini cora\u00e7\u00f5es faixinha &#8211; 5&#215;20\"}]},{\"@type\":\"WebSite\",\"@id\":\"https:\\\/\\\/patybuoso.com.br\\\/site\\\/#website\",\"url\":\"https:\\\/\\\/patybuoso.com.br\\\/site\\\/\",\"name\":\"Paty Buoso\",\"description\":\"Projetos para Pintura\",\"potentialAction\":[{\"@type\":\"SearchAction\",\"target\":{\"@type\":\"EntryPoint\",\"urlTemplate\":\"https:\\\/\\\/patybuoso.com.br\\\/site\\\/?s={search_term_string}\"},\"query-input\":{\"@type\":\"PropertyValueSpecification\",\"valueRequired\":true,\"valueName\":\"search_term_string\"}}],\"inLanguage\":\"pt-BR\"}]}<\/script>\n<!-- \/ Yoast SEO plugin. -->","yoast_head_json":{"title":"Pa 318 - Cabecinha e mini cora\u00e7\u00f5es faixinha - 5x20 - Paty Buoso","robots":{"index":"index","follow":"follow","max-snippet":"max-snippet:-1","max-image-preview":"max-image-preview:large","max-video-preview":"max-video-preview:-1"},"canonical":"https:\/\/patybuoso.com.br\/site\/produto\/pa-318-cabecinha-e-mini-coracoes-faixinha-5x20\/","og_locale":"pt_BR","og_type":"article","og_title":"Pa 318 - Cabecinha e mini cora\u00e7\u00f5es faixinha - 5x20 - Paty Buoso","og_description":"Cont\u00e9m uma placa de Stencil importada, molde vazado 5&#215;20","og_url":"https:\/\/patybuoso.com.br\/site\/produto\/pa-318-cabecinha-e-mini-coracoes-faixinha-5x20\/","og_site_name":"Paty Buoso","article_modified_time":"2026-03-30T22:43:14+00:00","og_image":[{"width":1280,"height":1280,"url":"https:\/\/patybuoso.com.br\/site\/wp-content\/uploads\/2023\/10\/6_20250512_193749_0005.jpg","type":"image\/jpeg"}],"twitter_card":"summary_large_image","twitter_misc":{"Est. tempo de leitura":"1 minuto"},"schema":{"@context":"https:\/\/schema.org","@graph":[{"@type":"WebPage","@id":"https:\/\/patybuoso.com.br\/site\/produto\/pa-318-cabecinha-e-mini-coracoes-faixinha-5x20\/","url":"https:\/\/patybuoso.com.br\/site\/produto\/pa-318-cabecinha-e-mini-coracoes-faixinha-5x20\/","name":"Pa 318 - Cabecinha e mini cora\u00e7\u00f5es faixinha - 5x20 - Paty Buoso","isPartOf":{"@id":"https:\/\/patybuoso.com.br\/site\/#website"},"primaryImageOfPage":{"@id":"https:\/\/patybuoso.com.br\/site\/produto\/pa-318-cabecinha-e-mini-coracoes-faixinha-5x20\/#primaryimage"},"image":{"@id":"https:\/\/patybuoso.com.br\/site\/produto\/pa-318-cabecinha-e-mini-coracoes-faixinha-5x20\/#primaryimage"},"thumbnailUrl":"https:\/\/patybuoso.com.br\/site\/wp-content\/uploads\/2023\/10\/6_20250512_193749_0005.jpg","datePublished":"2023-10-16T14:56:41+00:00","dateModified":"2026-03-30T22:43:14+00:00","breadcrumb":{"@id":"https:\/\/patybuoso.com.br\/site\/produto\/pa-318-cabecinha-e-mini-coracoes-faixinha-5x20\/#breadcrumb"},"inLanguage":"pt-BR","potentialAction":[{"@type":"ReadAction","target":["https:\/\/patybuoso.com.br\/site\/produto\/pa-318-cabecinha-e-mini-coracoes-faixinha-5x20\/"]}]},{"@type":"ImageObject","inLanguage":"pt-BR","@id":"https:\/\/patybuoso.com.br\/site\/produto\/pa-318-cabecinha-e-mini-coracoes-faixinha-5x20\/#primaryimage","url":"https:\/\/patybuoso.com.br\/site\/wp-content\/uploads\/2023\/10\/6_20250512_193749_0005.jpg","contentUrl":"https:\/\/patybuoso.com.br\/site\/wp-content\/uploads\/2023\/10\/6_20250512_193749_0005.jpg","width":1280,"height":1280},{"@type":"BreadcrumbList","@id":"https:\/\/patybuoso.com.br\/site\/produto\/pa-318-cabecinha-e-mini-coracoes-faixinha-5x20\/#breadcrumb","itemListElement":[{"@type":"ListItem","position":1,"name":"In\u00edcio","item":"https:\/\/patybuoso.com.br\/site\/"},{"@type":"ListItem","position":2,"name":"Loja","item":"https:\/\/patybuoso.com.br\/site\/loja\/"},{"@type":"ListItem","position":3,"name":"Pa 318 &#8211; Cabecinha e mini cora\u00e7\u00f5es faixinha &#8211; 5&#215;20"}]},{"@type":"WebSite","@id":"https:\/\/patybuoso.com.br\/site\/#website","url":"https:\/\/patybuoso.com.br\/site\/","name":"Paty Buoso","description":"Projetos para Pintura","potentialAction":[{"@type":"SearchAction","target":{"@type":"EntryPoint","urlTemplate":"https:\/\/patybuoso.com.br\/site\/?s={search_term_string}"},"query-input":{"@type":"PropertyValueSpecification","valueRequired":true,"valueName":"search_term_string"}}],"inLanguage":"pt-BR"}]}},"_links":{"self":[{"href":"https:\/\/patybuoso.com.br\/site\/wp-json\/wp\/v2\/product\/6705","targetHints":{"allow":["GET"]}}],"collection":[{"href":"https:\/\/patybuoso.com.br\/site\/wp-json\/wp\/v2\/product"}],"about":[{"href":"https:\/\/patybuoso.com.br\/site\/wp-json\/wp\/v2\/types\/product"}],"wp:featuredmedia":[{"embeddable":true,"href":"https:\/\/patybuoso.com.br\/site\/wp-json\/wp\/v2\/media\/7851"}],"wp:attachment":[{"href":"https:\/\/patybuoso.com.br\/site\/wp-json\/wp\/v2\/media?parent=6705"}],"wp:term":[{"taxonomy":"product_brand","embeddable":true,"href":"https:\/\/patybuoso.com.br\/site\/wp-json\/wp\/v2\/product_brand?post=6705"},{"taxonomy":"product_cat","embeddable":true,"href":"https:\/\/patybuoso.com.br\/site\/wp-json\/wp\/v2\/product_cat?post=6705"},{"taxonomy":"product_tag","embeddable":true,"href":"https:\/\/patybuoso.com.br\/site\/wp-json\/wp\/v2\/product_tag?post=6705"}],"curies":[{"name":"wp","href":"https:\/\/api.w.org\/{rel}","templated":true}]}}