{"id":5969,"date":"2022-12-06T21:49:28","date_gmt":"2022-12-07T00:49:28","guid":{"rendered":"https:\/\/patybuoso.com.br\/site\/?post_type=product&#038;p=5969"},"modified":"2026-03-16T10:48:50","modified_gmt":"2026-03-16T13:48:50","slug":"alfabeto-completo-pequeno-day-5x5","status":"publish","type":"product","link":"https:\/\/patybuoso.com.br\/site\/produto\/alfabeto-completo-pequeno-day-5x5\/","title":{"rendered":"Alfabeto  Completo Pequeno DAY  5&#215;5"},"content":{"rendered":"<p>Alfabeto completo com letras mai\u00fasculas e min\u00fasculas mais n\u00fameros de 0 \u00e0 9. Tamanho das placas 5&#215;5 cm, tamanho da letra mai\u00fasculas mais ou menos 2,6 cm e min\u00fasculas 1,1\u00a0 cm. Perfeito para elaborar frases em panos de copa ou barrados de toalhas, personalizar pe\u00e7as como Fraldas, paninho de boca,\u00a0 toalhas ou qualquer textura que precisar. Produto totalmente eficiente, facilitando seu trabalho.<\/p>\n","protected":false},"excerpt":{"rendered":"<p>Alfabeto completo com letras mai\u00fasculas e min\u00fasculas mais n\u00fameros de 0 \u00e0 9. Tamanho das placas 5&#215;5 cm, tamanho da letra mai\u00fasculas mais ou menos 2,6 cm e min\u00fasculas 1,1\u00a0 cm. Perfeito para elaborar frases em panos de copa ou barrados de toalhas, personalizar pe\u00e7as como Fraldas, paninho de boca,\u00a0 toalhas ou qualquer textura que [&hellip;]<\/p>\n","protected":false},"featured_media":8372,"template":"","meta":{"_et_pb_use_builder":"","_et_pb_old_content":"","_et_gb_content_width":""},"product_brand":[],"product_cat":[63],"product_tag":[134],"class_list":{"0":"post-5969","1":"product","2":"type-product","3":"status-publish","4":"has-post-thumbnail","6":"product_cat-alfabeto","7":"product_tag-stencil-artesanato-pinturaemtecido","9":"first","10":"instock","11":"shipping-taxable","12":"purchasable","13":"product-type-simple"},"yoast_head":"<!-- This site is optimized with the Yoast SEO plugin v27.4 - https:\/\/yoast.com\/product\/yoast-seo-wordpress\/ -->\n<title>Alfabeto Completo Pequeno DAY 5x5 - Paty Buoso<\/title>\n<meta name=\"robots\" content=\"index, follow, max-snippet:-1, max-image-preview:large, max-video-preview:-1\" \/>\n<link rel=\"canonical\" href=\"https:\/\/patybuoso.com.br\/site\/produto\/alfabeto-completo-pequeno-day-5x5\/\" \/>\n<meta property=\"og:locale\" content=\"pt_BR\" \/>\n<meta property=\"og:type\" content=\"article\" \/>\n<meta property=\"og:title\" content=\"Alfabeto Completo Pequeno DAY 5x5 - Paty Buoso\" \/>\n<meta property=\"og:description\" content=\"Alfabeto completo com letras mai\u00fasculas e min\u00fasculas mais n\u00fameros de 0 \u00e0 9. Tamanho das placas 5&#215;5 cm, tamanho da letra mai\u00fasculas mais ou menos 2,6 cm e min\u00fasculas 1,1\u00a0 cm. Perfeito para elaborar frases em panos de copa ou barrados de toalhas, personalizar pe\u00e7as como Fraldas, paninho de boca,\u00a0 toalhas ou qualquer textura que [&hellip;]\" \/>\n<meta property=\"og:url\" content=\"https:\/\/patybuoso.com.br\/site\/produto\/alfabeto-completo-pequeno-day-5x5\/\" \/>\n<meta property=\"og:site_name\" content=\"Paty Buoso\" \/>\n<meta property=\"article:modified_time\" content=\"2026-03-16T13:48:50+00:00\" \/>\n<meta property=\"og:image\" content=\"https:\/\/patybuoso.com.br\/site\/wp-content\/uploads\/2018\/01\/Screenshot_20250601_231808_Canva.jpg\" \/>\n\t<meta property=\"og:image:width\" content=\"987\" \/>\n\t<meta property=\"og:image:height\" content=\"987\" \/>\n\t<meta property=\"og:image:type\" content=\"image\/jpeg\" \/>\n<meta name=\"twitter:card\" content=\"summary_large_image\" \/>\n<meta name=\"twitter:label1\" content=\"Est. tempo de leitura\" \/>\n\t<meta name=\"twitter:data1\" content=\"1 minuto\" \/>\n<script type=\"application\/ld+json\" class=\"yoast-schema-graph\">{\"@context\":\"https:\\\/\\\/schema.org\",\"@graph\":[{\"@type\":\"WebPage\",\"@id\":\"https:\\\/\\\/patybuoso.com.br\\\/site\\\/produto\\\/alfabeto-completo-pequeno-day-5x5\\\/\",\"url\":\"https:\\\/\\\/patybuoso.com.br\\\/site\\\/produto\\\/alfabeto-completo-pequeno-day-5x5\\\/\",\"name\":\"Alfabeto Completo Pequeno DAY 5x5 - Paty Buoso\",\"isPartOf\":{\"@id\":\"https:\\\/\\\/patybuoso.com.br\\\/site\\\/#website\"},\"primaryImageOfPage\":{\"@id\":\"https:\\\/\\\/patybuoso.com.br\\\/site\\\/produto\\\/alfabeto-completo-pequeno-day-5x5\\\/#primaryimage\"},\"image\":{\"@id\":\"https:\\\/\\\/patybuoso.com.br\\\/site\\\/produto\\\/alfabeto-completo-pequeno-day-5x5\\\/#primaryimage\"},\"thumbnailUrl\":\"https:\\\/\\\/patybuoso.com.br\\\/site\\\/wp-content\\\/uploads\\\/2018\\\/01\\\/Screenshot_20250601_231808_Canva.jpg\",\"datePublished\":\"2022-12-07T00:49:28+00:00\",\"dateModified\":\"2026-03-16T13:48:50+00:00\",\"breadcrumb\":{\"@id\":\"https:\\\/\\\/patybuoso.com.br\\\/site\\\/produto\\\/alfabeto-completo-pequeno-day-5x5\\\/#breadcrumb\"},\"inLanguage\":\"pt-BR\",\"potentialAction\":[{\"@type\":\"ReadAction\",\"target\":[\"https:\\\/\\\/patybuoso.com.br\\\/site\\\/produto\\\/alfabeto-completo-pequeno-day-5x5\\\/\"]}]},{\"@type\":\"ImageObject\",\"inLanguage\":\"pt-BR\",\"@id\":\"https:\\\/\\\/patybuoso.com.br\\\/site\\\/produto\\\/alfabeto-completo-pequeno-day-5x5\\\/#primaryimage\",\"url\":\"https:\\\/\\\/patybuoso.com.br\\\/site\\\/wp-content\\\/uploads\\\/2018\\\/01\\\/Screenshot_20250601_231808_Canva.jpg\",\"contentUrl\":\"https:\\\/\\\/patybuoso.com.br\\\/site\\\/wp-content\\\/uploads\\\/2018\\\/01\\\/Screenshot_20250601_231808_Canva.jpg\",\"width\":987,\"height\":987},{\"@type\":\"BreadcrumbList\",\"@id\":\"https:\\\/\\\/patybuoso.com.br\\\/site\\\/produto\\\/alfabeto-completo-pequeno-day-5x5\\\/#breadcrumb\",\"itemListElement\":[{\"@type\":\"ListItem\",\"position\":1,\"name\":\"In\u00edcio\",\"item\":\"https:\\\/\\\/patybuoso.com.br\\\/site\\\/\"},{\"@type\":\"ListItem\",\"position\":2,\"name\":\"Loja\",\"item\":\"https:\\\/\\\/patybuoso.com.br\\\/site\\\/loja\\\/\"},{\"@type\":\"ListItem\",\"position\":3,\"name\":\"Alfabeto Completo Pequeno DAY 5&#215;5\"}]},{\"@type\":\"WebSite\",\"@id\":\"https:\\\/\\\/patybuoso.com.br\\\/site\\\/#website\",\"url\":\"https:\\\/\\\/patybuoso.com.br\\\/site\\\/\",\"name\":\"Paty Buoso\",\"description\":\"Projetos para Pintura\",\"potentialAction\":[{\"@type\":\"SearchAction\",\"target\":{\"@type\":\"EntryPoint\",\"urlTemplate\":\"https:\\\/\\\/patybuoso.com.br\\\/site\\\/?s={search_term_string}\"},\"query-input\":{\"@type\":\"PropertyValueSpecification\",\"valueRequired\":true,\"valueName\":\"search_term_string\"}}],\"inLanguage\":\"pt-BR\"}]}<\/script>\n<!-- \/ Yoast SEO plugin. -->","yoast_head_json":{"title":"Alfabeto Completo Pequeno DAY 5x5 - Paty Buoso","robots":{"index":"index","follow":"follow","max-snippet":"max-snippet:-1","max-image-preview":"max-image-preview:large","max-video-preview":"max-video-preview:-1"},"canonical":"https:\/\/patybuoso.com.br\/site\/produto\/alfabeto-completo-pequeno-day-5x5\/","og_locale":"pt_BR","og_type":"article","og_title":"Alfabeto Completo Pequeno DAY 5x5 - Paty Buoso","og_description":"Alfabeto completo com letras mai\u00fasculas e min\u00fasculas mais n\u00fameros de 0 \u00e0 9. Tamanho das placas 5&#215;5 cm, tamanho da letra mai\u00fasculas mais ou menos 2,6 cm e min\u00fasculas 1,1\u00a0 cm. Perfeito para elaborar frases em panos de copa ou barrados de toalhas, personalizar pe\u00e7as como Fraldas, paninho de boca,\u00a0 toalhas ou qualquer textura que [&hellip;]","og_url":"https:\/\/patybuoso.com.br\/site\/produto\/alfabeto-completo-pequeno-day-5x5\/","og_site_name":"Paty Buoso","article_modified_time":"2026-03-16T13:48:50+00:00","og_image":[{"width":987,"height":987,"url":"https:\/\/patybuoso.com.br\/site\/wp-content\/uploads\/2018\/01\/Screenshot_20250601_231808_Canva.jpg","type":"image\/jpeg"}],"twitter_card":"summary_large_image","twitter_misc":{"Est. tempo de leitura":"1 minuto"},"schema":{"@context":"https:\/\/schema.org","@graph":[{"@type":"WebPage","@id":"https:\/\/patybuoso.com.br\/site\/produto\/alfabeto-completo-pequeno-day-5x5\/","url":"https:\/\/patybuoso.com.br\/site\/produto\/alfabeto-completo-pequeno-day-5x5\/","name":"Alfabeto Completo Pequeno DAY 5x5 - Paty Buoso","isPartOf":{"@id":"https:\/\/patybuoso.com.br\/site\/#website"},"primaryImageOfPage":{"@id":"https:\/\/patybuoso.com.br\/site\/produto\/alfabeto-completo-pequeno-day-5x5\/#primaryimage"},"image":{"@id":"https:\/\/patybuoso.com.br\/site\/produto\/alfabeto-completo-pequeno-day-5x5\/#primaryimage"},"thumbnailUrl":"https:\/\/patybuoso.com.br\/site\/wp-content\/uploads\/2018\/01\/Screenshot_20250601_231808_Canva.jpg","datePublished":"2022-12-07T00:49:28+00:00","dateModified":"2026-03-16T13:48:50+00:00","breadcrumb":{"@id":"https:\/\/patybuoso.com.br\/site\/produto\/alfabeto-completo-pequeno-day-5x5\/#breadcrumb"},"inLanguage":"pt-BR","potentialAction":[{"@type":"ReadAction","target":["https:\/\/patybuoso.com.br\/site\/produto\/alfabeto-completo-pequeno-day-5x5\/"]}]},{"@type":"ImageObject","inLanguage":"pt-BR","@id":"https:\/\/patybuoso.com.br\/site\/produto\/alfabeto-completo-pequeno-day-5x5\/#primaryimage","url":"https:\/\/patybuoso.com.br\/site\/wp-content\/uploads\/2018\/01\/Screenshot_20250601_231808_Canva.jpg","contentUrl":"https:\/\/patybuoso.com.br\/site\/wp-content\/uploads\/2018\/01\/Screenshot_20250601_231808_Canva.jpg","width":987,"height":987},{"@type":"BreadcrumbList","@id":"https:\/\/patybuoso.com.br\/site\/produto\/alfabeto-completo-pequeno-day-5x5\/#breadcrumb","itemListElement":[{"@type":"ListItem","position":1,"name":"In\u00edcio","item":"https:\/\/patybuoso.com.br\/site\/"},{"@type":"ListItem","position":2,"name":"Loja","item":"https:\/\/patybuoso.com.br\/site\/loja\/"},{"@type":"ListItem","position":3,"name":"Alfabeto Completo Pequeno DAY 5&#215;5"}]},{"@type":"WebSite","@id":"https:\/\/patybuoso.com.br\/site\/#website","url":"https:\/\/patybuoso.com.br\/site\/","name":"Paty Buoso","description":"Projetos para Pintura","potentialAction":[{"@type":"SearchAction","target":{"@type":"EntryPoint","urlTemplate":"https:\/\/patybuoso.com.br\/site\/?s={search_term_string}"},"query-input":{"@type":"PropertyValueSpecification","valueRequired":true,"valueName":"search_term_string"}}],"inLanguage":"pt-BR"}]}},"_links":{"self":[{"href":"https:\/\/patybuoso.com.br\/site\/wp-json\/wp\/v2\/product\/5969","targetHints":{"allow":["GET"]}}],"collection":[{"href":"https:\/\/patybuoso.com.br\/site\/wp-json\/wp\/v2\/product"}],"about":[{"href":"https:\/\/patybuoso.com.br\/site\/wp-json\/wp\/v2\/types\/product"}],"wp:featuredmedia":[{"embeddable":true,"href":"https:\/\/patybuoso.com.br\/site\/wp-json\/wp\/v2\/media\/8372"}],"wp:attachment":[{"href":"https:\/\/patybuoso.com.br\/site\/wp-json\/wp\/v2\/media?parent=5969"}],"wp:term":[{"taxonomy":"product_brand","embeddable":true,"href":"https:\/\/patybuoso.com.br\/site\/wp-json\/wp\/v2\/product_brand?post=5969"},{"taxonomy":"product_cat","embeddable":true,"href":"https:\/\/patybuoso.com.br\/site\/wp-json\/wp\/v2\/product_cat?post=5969"},{"taxonomy":"product_tag","embeddable":true,"href":"https:\/\/patybuoso.com.br\/site\/wp-json\/wp\/v2\/product_tag?post=5969"}],"curies":[{"name":"wp","href":"https:\/\/api.w.org\/{rel}","templated":true}]}}