{"id":5894,"date":"2022-11-03T14:33:44","date_gmt":"2022-11-03T17:33:44","guid":{"rendered":"https:\/\/patybuoso.com.br\/site\/?post_type=product&#038;p=5894"},"modified":"2025-05-24T13:34:48","modified_gmt":"2025-05-24T16:34:48","slug":"kit-de-pinceis-basicos-para-pintura-em-tecido","status":"publish","type":"product","link":"https:\/\/patybuoso.com.br\/site\/produto\/kit-de-pinceis-basicos-para-pintura-em-tecido\/","title":{"rendered":"Kit  de pinc\u00e9is b\u00e1sicos para Pintura em Tecido"},"content":{"rendered":"<p>Contem 7 pinceis necess\u00e1rios para pintar no tecido:<\/p>\n<p>Pinceis da Condor:<\/p>\n<p>454-0: Pincel podado para preencher espa\u00e7os menores como olhinhos de bichinhos. 456-8 e 456-10: pinceis podados por mim, para preenchimento e base. 457-6: Pincel arredondado para efeitos como p\u00f3len de flores e roupinhas de algod\u00e3o. 422-00: Pincel linear para acabamento com o c\u00edlios nos olhinhos.462-2: Pitua para trabalhar com Stencil ou esfumar fundo.<\/p>\n<p>https:\/\/www.instagram.com\/reel\/Cj8xW74AHPW\/?igshid=MDJmNzVkMjY=<\/p>\n","protected":false},"excerpt":{"rendered":"<p>Contem 7 pinceis necess\u00e1rios para pintar no tecido: Pinceis da Condor: 454-0: Pincel podado para preencher espa\u00e7os menores como olhinhos de bichinhos. 456-8 e 456-10: pinceis podados por mim, para preenchimento e base. 457-6: Pincel arredondado para efeitos como p\u00f3len de flores e roupinhas de algod\u00e3o. 422-00: Pincel linear para acabamento com o c\u00edlios nos [&hellip;]<\/p>\n","protected":false},"featured_media":5895,"template":"","meta":{"_et_pb_use_builder":"","_et_pb_old_content":"","_et_gb_content_width":""},"product_brand":[],"product_cat":[110],"product_tag":[134],"class_list":{"0":"post-5894","1":"product","2":"type-product","3":"status-publish","4":"has-post-thumbnail","6":"product_cat-pinceis","7":"product_tag-stencil-artesanato-pinturaemtecido","9":"first","10":"outofstock","11":"shipping-taxable","12":"purchasable","13":"product-type-simple"},"yoast_head":"<!-- This site is optimized with the Yoast SEO plugin v27.5 - https:\/\/yoast.com\/product\/yoast-seo-wordpress\/ -->\n<title>Kit de pinc\u00e9is b\u00e1sicos para Pintura em Tecido - Paty Buoso<\/title>\n<meta name=\"robots\" content=\"index, follow, max-snippet:-1, max-image-preview:large, max-video-preview:-1\" \/>\n<link rel=\"canonical\" href=\"https:\/\/patybuoso.com.br\/site\/produto\/kit-de-pinceis-basicos-para-pintura-em-tecido\/\" \/>\n<meta property=\"og:locale\" content=\"pt_BR\" \/>\n<meta property=\"og:type\" content=\"article\" \/>\n<meta property=\"og:title\" content=\"Kit de pinc\u00e9is b\u00e1sicos para Pintura em Tecido - Paty Buoso\" \/>\n<meta property=\"og:description\" content=\"Contem 7 pinceis necess\u00e1rios para pintar no tecido: Pinceis da Condor: 454-0: Pincel podado para preencher espa\u00e7os menores como olhinhos de bichinhos. 456-8 e 456-10: pinceis podados por mim, para preenchimento e base. 457-6: Pincel arredondado para efeitos como p\u00f3len de flores e roupinhas de algod\u00e3o. 422-00: Pincel linear para acabamento com o c\u00edlios nos [&hellip;]\" \/>\n<meta property=\"og:url\" content=\"https:\/\/patybuoso.com.br\/site\/produto\/kit-de-pinceis-basicos-para-pintura-em-tecido\/\" \/>\n<meta property=\"og:site_name\" content=\"Paty Buoso\" \/>\n<meta property=\"article:modified_time\" content=\"2025-05-24T16:34:48+00:00\" \/>\n<meta property=\"og:image\" content=\"https:\/\/patybuoso.com.br\/site\/wp-content\/uploads\/2022\/11\/5c34c006-ccd7-4c0a-88e5-0fa74cb2db7e.jpg\" \/>\n\t<meta property=\"og:image:width\" content=\"600\" \/>\n\t<meta property=\"og:image:height\" content=\"600\" \/>\n\t<meta property=\"og:image:type\" content=\"image\/jpeg\" \/>\n<meta name=\"twitter:card\" content=\"summary_large_image\" \/>\n<meta name=\"twitter:label1\" content=\"Est. tempo de leitura\" \/>\n\t<meta name=\"twitter:data1\" content=\"1 minuto\" \/>\n<script type=\"application\/ld+json\" class=\"yoast-schema-graph\">{\"@context\":\"https:\\\/\\\/schema.org\",\"@graph\":[{\"@type\":\"WebPage\",\"@id\":\"https:\\\/\\\/patybuoso.com.br\\\/site\\\/produto\\\/kit-de-pinceis-basicos-para-pintura-em-tecido\\\/\",\"url\":\"https:\\\/\\\/patybuoso.com.br\\\/site\\\/produto\\\/kit-de-pinceis-basicos-para-pintura-em-tecido\\\/\",\"name\":\"Kit de pinc\u00e9is b\u00e1sicos para Pintura em Tecido - Paty Buoso\",\"isPartOf\":{\"@id\":\"https:\\\/\\\/patybuoso.com.br\\\/site\\\/#website\"},\"primaryImageOfPage\":{\"@id\":\"https:\\\/\\\/patybuoso.com.br\\\/site\\\/produto\\\/kit-de-pinceis-basicos-para-pintura-em-tecido\\\/#primaryimage\"},\"image\":{\"@id\":\"https:\\\/\\\/patybuoso.com.br\\\/site\\\/produto\\\/kit-de-pinceis-basicos-para-pintura-em-tecido\\\/#primaryimage\"},\"thumbnailUrl\":\"https:\\\/\\\/patybuoso.com.br\\\/site\\\/wp-content\\\/uploads\\\/2022\\\/11\\\/5c34c006-ccd7-4c0a-88e5-0fa74cb2db7e.jpg\",\"datePublished\":\"2022-11-03T17:33:44+00:00\",\"dateModified\":\"2025-05-24T16:34:48+00:00\",\"breadcrumb\":{\"@id\":\"https:\\\/\\\/patybuoso.com.br\\\/site\\\/produto\\\/kit-de-pinceis-basicos-para-pintura-em-tecido\\\/#breadcrumb\"},\"inLanguage\":\"pt-BR\",\"potentialAction\":[{\"@type\":\"ReadAction\",\"target\":[\"https:\\\/\\\/patybuoso.com.br\\\/site\\\/produto\\\/kit-de-pinceis-basicos-para-pintura-em-tecido\\\/\"]}]},{\"@type\":\"ImageObject\",\"inLanguage\":\"pt-BR\",\"@id\":\"https:\\\/\\\/patybuoso.com.br\\\/site\\\/produto\\\/kit-de-pinceis-basicos-para-pintura-em-tecido\\\/#primaryimage\",\"url\":\"https:\\\/\\\/patybuoso.com.br\\\/site\\\/wp-content\\\/uploads\\\/2022\\\/11\\\/5c34c006-ccd7-4c0a-88e5-0fa74cb2db7e.jpg\",\"contentUrl\":\"https:\\\/\\\/patybuoso.com.br\\\/site\\\/wp-content\\\/uploads\\\/2022\\\/11\\\/5c34c006-ccd7-4c0a-88e5-0fa74cb2db7e.jpg\",\"width\":600,\"height\":600},{\"@type\":\"BreadcrumbList\",\"@id\":\"https:\\\/\\\/patybuoso.com.br\\\/site\\\/produto\\\/kit-de-pinceis-basicos-para-pintura-em-tecido\\\/#breadcrumb\",\"itemListElement\":[{\"@type\":\"ListItem\",\"position\":1,\"name\":\"In\u00edcio\",\"item\":\"https:\\\/\\\/patybuoso.com.br\\\/site\\\/\"},{\"@type\":\"ListItem\",\"position\":2,\"name\":\"Loja\",\"item\":\"https:\\\/\\\/patybuoso.com.br\\\/site\\\/loja\\\/\"},{\"@type\":\"ListItem\",\"position\":3,\"name\":\"Kit de pinc\u00e9is b\u00e1sicos para Pintura em Tecido\"}]},{\"@type\":\"WebSite\",\"@id\":\"https:\\\/\\\/patybuoso.com.br\\\/site\\\/#website\",\"url\":\"https:\\\/\\\/patybuoso.com.br\\\/site\\\/\",\"name\":\"Paty Buoso\",\"description\":\"Projetos para Pintura\",\"potentialAction\":[{\"@type\":\"SearchAction\",\"target\":{\"@type\":\"EntryPoint\",\"urlTemplate\":\"https:\\\/\\\/patybuoso.com.br\\\/site\\\/?s={search_term_string}\"},\"query-input\":{\"@type\":\"PropertyValueSpecification\",\"valueRequired\":true,\"valueName\":\"search_term_string\"}}],\"inLanguage\":\"pt-BR\"}]}<\/script>\n<!-- \/ Yoast SEO plugin. -->","yoast_head_json":{"title":"Kit de pinc\u00e9is b\u00e1sicos para Pintura em Tecido - Paty Buoso","robots":{"index":"index","follow":"follow","max-snippet":"max-snippet:-1","max-image-preview":"max-image-preview:large","max-video-preview":"max-video-preview:-1"},"canonical":"https:\/\/patybuoso.com.br\/site\/produto\/kit-de-pinceis-basicos-para-pintura-em-tecido\/","og_locale":"pt_BR","og_type":"article","og_title":"Kit de pinc\u00e9is b\u00e1sicos para Pintura em Tecido - Paty Buoso","og_description":"Contem 7 pinceis necess\u00e1rios para pintar no tecido: Pinceis da Condor: 454-0: Pincel podado para preencher espa\u00e7os menores como olhinhos de bichinhos. 456-8 e 456-10: pinceis podados por mim, para preenchimento e base. 457-6: Pincel arredondado para efeitos como p\u00f3len de flores e roupinhas de algod\u00e3o. 422-00: Pincel linear para acabamento com o c\u00edlios nos [&hellip;]","og_url":"https:\/\/patybuoso.com.br\/site\/produto\/kit-de-pinceis-basicos-para-pintura-em-tecido\/","og_site_name":"Paty Buoso","article_modified_time":"2025-05-24T16:34:48+00:00","og_image":[{"width":600,"height":600,"url":"https:\/\/patybuoso.com.br\/site\/wp-content\/uploads\/2022\/11\/5c34c006-ccd7-4c0a-88e5-0fa74cb2db7e.jpg","type":"image\/jpeg"}],"twitter_card":"summary_large_image","twitter_misc":{"Est. tempo de leitura":"1 minuto"},"schema":{"@context":"https:\/\/schema.org","@graph":[{"@type":"WebPage","@id":"https:\/\/patybuoso.com.br\/site\/produto\/kit-de-pinceis-basicos-para-pintura-em-tecido\/","url":"https:\/\/patybuoso.com.br\/site\/produto\/kit-de-pinceis-basicos-para-pintura-em-tecido\/","name":"Kit de pinc\u00e9is b\u00e1sicos para Pintura em Tecido - Paty Buoso","isPartOf":{"@id":"https:\/\/patybuoso.com.br\/site\/#website"},"primaryImageOfPage":{"@id":"https:\/\/patybuoso.com.br\/site\/produto\/kit-de-pinceis-basicos-para-pintura-em-tecido\/#primaryimage"},"image":{"@id":"https:\/\/patybuoso.com.br\/site\/produto\/kit-de-pinceis-basicos-para-pintura-em-tecido\/#primaryimage"},"thumbnailUrl":"https:\/\/patybuoso.com.br\/site\/wp-content\/uploads\/2022\/11\/5c34c006-ccd7-4c0a-88e5-0fa74cb2db7e.jpg","datePublished":"2022-11-03T17:33:44+00:00","dateModified":"2025-05-24T16:34:48+00:00","breadcrumb":{"@id":"https:\/\/patybuoso.com.br\/site\/produto\/kit-de-pinceis-basicos-para-pintura-em-tecido\/#breadcrumb"},"inLanguage":"pt-BR","potentialAction":[{"@type":"ReadAction","target":["https:\/\/patybuoso.com.br\/site\/produto\/kit-de-pinceis-basicos-para-pintura-em-tecido\/"]}]},{"@type":"ImageObject","inLanguage":"pt-BR","@id":"https:\/\/patybuoso.com.br\/site\/produto\/kit-de-pinceis-basicos-para-pintura-em-tecido\/#primaryimage","url":"https:\/\/patybuoso.com.br\/site\/wp-content\/uploads\/2022\/11\/5c34c006-ccd7-4c0a-88e5-0fa74cb2db7e.jpg","contentUrl":"https:\/\/patybuoso.com.br\/site\/wp-content\/uploads\/2022\/11\/5c34c006-ccd7-4c0a-88e5-0fa74cb2db7e.jpg","width":600,"height":600},{"@type":"BreadcrumbList","@id":"https:\/\/patybuoso.com.br\/site\/produto\/kit-de-pinceis-basicos-para-pintura-em-tecido\/#breadcrumb","itemListElement":[{"@type":"ListItem","position":1,"name":"In\u00edcio","item":"https:\/\/patybuoso.com.br\/site\/"},{"@type":"ListItem","position":2,"name":"Loja","item":"https:\/\/patybuoso.com.br\/site\/loja\/"},{"@type":"ListItem","position":3,"name":"Kit de pinc\u00e9is b\u00e1sicos para Pintura em Tecido"}]},{"@type":"WebSite","@id":"https:\/\/patybuoso.com.br\/site\/#website","url":"https:\/\/patybuoso.com.br\/site\/","name":"Paty Buoso","description":"Projetos para Pintura","potentialAction":[{"@type":"SearchAction","target":{"@type":"EntryPoint","urlTemplate":"https:\/\/patybuoso.com.br\/site\/?s={search_term_string}"},"query-input":{"@type":"PropertyValueSpecification","valueRequired":true,"valueName":"search_term_string"}}],"inLanguage":"pt-BR"}]}},"_links":{"self":[{"href":"https:\/\/patybuoso.com.br\/site\/wp-json\/wp\/v2\/product\/5894","targetHints":{"allow":["GET"]}}],"collection":[{"href":"https:\/\/patybuoso.com.br\/site\/wp-json\/wp\/v2\/product"}],"about":[{"href":"https:\/\/patybuoso.com.br\/site\/wp-json\/wp\/v2\/types\/product"}],"wp:featuredmedia":[{"embeddable":true,"href":"https:\/\/patybuoso.com.br\/site\/wp-json\/wp\/v2\/media\/5895"}],"wp:attachment":[{"href":"https:\/\/patybuoso.com.br\/site\/wp-json\/wp\/v2\/media?parent=5894"}],"wp:term":[{"taxonomy":"product_brand","embeddable":true,"href":"https:\/\/patybuoso.com.br\/site\/wp-json\/wp\/v2\/product_brand?post=5894"},{"taxonomy":"product_cat","embeddable":true,"href":"https:\/\/patybuoso.com.br\/site\/wp-json\/wp\/v2\/product_cat?post=5894"},{"taxonomy":"product_tag","embeddable":true,"href":"https:\/\/patybuoso.com.br\/site\/wp-json\/wp\/v2\/product_tag?post=5894"}],"curies":[{"name":"wp","href":"https:\/\/api.w.org\/{rel}","templated":true}]}}