{"id":447,"date":"2018-01-29T21:27:35","date_gmt":"2018-01-30T00:27:35","guid":{"rendered":"https:\/\/patybuoso.com.br\/site\/?post_type=product&#038;p=447"},"modified":"2026-03-17T20:04:25","modified_gmt":"2026-03-17T23:04:25","slug":"pa-044-rosa-p","status":"publish","type":"product","link":"https:\/\/patybuoso.com.br\/site\/produto\/pa-044-rosa-p\/","title":{"rendered":"Pa 044 &#8211; Rosa Pequena"},"content":{"rendered":"<p>Cont\u00e9m uma placa de acetado (stencil) tamanho A4, mais os negativos. Altura 6,5 cm. Perfeita para arranjos delicados, podendo inserir varias rosas num mesmo risco. O negativo vai te auxiliar muito na forma\u00e7\u00e3o. Voc\u00ea elabora seus riscos com os negativos, usando sua criatividade. Pintura em tecido. V\u00eddeo explicativo de como pintar com a placa\u00a0 no YouTube Paty Buoso.<\/p>\n<p><iframe loading=\"lazy\" title=\"Como pintar Rosa (P) com Stencil - Paty Buoso\" width=\"1080\" height=\"608\" src=\"https:\/\/www.youtube.com\/embed\/BCMykNAWaFo?feature=oembed\"  allow=\"accelerometer; autoplay; clipboard-write; encrypted-media; gyroscope; picture-in-picture; web-share\" referrerpolicy=\"strict-origin-when-cross-origin\" allowfullscreen><\/iframe><\/p>\n","protected":false},"excerpt":{"rendered":"<p>Cont\u00e9m uma placa de acetado (stencil) tamanho A4, mais os negativos. Altura 6,5 cm. Perfeita para arranjos delicados, podendo inserir varias rosas num mesmo risco. O negativo vai te auxiliar muito na forma\u00e7\u00e3o. Voc\u00ea elabora seus riscos com os negativos, usando sua criatividade. Pintura em tecido. V\u00eddeo explicativo de como pintar com a placa\u00a0 no [&hellip;]<\/p>\n","protected":false},"featured_media":7653,"template":"","meta":{"_et_pb_use_builder":"","_et_pb_old_content":"","_et_gb_content_width":""},"product_brand":[],"product_cat":[143,15,21,135],"product_tag":[134],"class_list":{"0":"post-447","1":"product","2":"type-product","3":"status-publish","4":"has-post-thumbnail","6":"product_cat-19x28","7":"product_cat-stencil-de-rosas-paty","8":"product_cat-estencil-paty-buoso","9":"product_cat-stencil-por-tamanho","10":"product_tag-stencil-artesanato-pinturaemtecido","12":"first","13":"instock","14":"shipping-taxable","15":"purchasable","16":"product-type-simple"},"yoast_head":"<!-- This site is optimized with the Yoast SEO plugin v27.3 - https:\/\/yoast.com\/product\/yoast-seo-wordpress\/ -->\n<title>Pa 044 - Rosa Pequena - Paty Buoso<\/title>\n<meta name=\"robots\" content=\"index, follow, max-snippet:-1, max-image-preview:large, max-video-preview:-1\" \/>\n<link rel=\"canonical\" href=\"https:\/\/patybuoso.com.br\/site\/produto\/pa-044-rosa-p\/\" \/>\n<meta property=\"og:locale\" content=\"pt_BR\" \/>\n<meta property=\"og:type\" content=\"article\" \/>\n<meta property=\"og:title\" content=\"Pa 044 - Rosa Pequena - Paty Buoso\" \/>\n<meta property=\"og:description\" content=\"Cont\u00e9m uma placa de acetado (stencil) tamanho A4, mais os negativos. Altura 6,5 cm. Perfeita para arranjos delicados, podendo inserir varias rosas num mesmo risco. O negativo vai te auxiliar muito na forma\u00e7\u00e3o. Voc\u00ea elabora seus riscos com os negativos, usando sua criatividade. Pintura em tecido. V\u00eddeo explicativo de como pintar com a placa\u00a0 no [&hellip;]\" \/>\n<meta property=\"og:url\" content=\"https:\/\/patybuoso.com.br\/site\/produto\/pa-044-rosa-p\/\" \/>\n<meta property=\"og:site_name\" content=\"Paty Buoso\" \/>\n<meta property=\"article:modified_time\" content=\"2026-03-17T23:04:25+00:00\" \/>\n<meta property=\"og:image\" content=\"https:\/\/patybuoso.com.br\/site\/wp-content\/uploads\/2018\/01\/ROSAS-SITE-_20250504_091424_0001.jpg\" \/>\n\t<meta property=\"og:image:width\" content=\"1280\" \/>\n\t<meta property=\"og:image:height\" content=\"1280\" \/>\n\t<meta property=\"og:image:type\" content=\"image\/jpeg\" \/>\n<meta name=\"twitter:card\" content=\"summary_large_image\" \/>\n<meta name=\"twitter:label1\" content=\"Est. tempo de leitura\" \/>\n\t<meta name=\"twitter:data1\" content=\"1 minuto\" \/>\n<script type=\"application\/ld+json\" class=\"yoast-schema-graph\">{\"@context\":\"https:\\\/\\\/schema.org\",\"@graph\":[{\"@type\":\"WebPage\",\"@id\":\"https:\\\/\\\/patybuoso.com.br\\\/site\\\/produto\\\/pa-044-rosa-p\\\/\",\"url\":\"https:\\\/\\\/patybuoso.com.br\\\/site\\\/produto\\\/pa-044-rosa-p\\\/\",\"name\":\"Pa 044 - Rosa Pequena - Paty Buoso\",\"isPartOf\":{\"@id\":\"https:\\\/\\\/patybuoso.com.br\\\/site\\\/#website\"},\"primaryImageOfPage\":{\"@id\":\"https:\\\/\\\/patybuoso.com.br\\\/site\\\/produto\\\/pa-044-rosa-p\\\/#primaryimage\"},\"image\":{\"@id\":\"https:\\\/\\\/patybuoso.com.br\\\/site\\\/produto\\\/pa-044-rosa-p\\\/#primaryimage\"},\"thumbnailUrl\":\"https:\\\/\\\/patybuoso.com.br\\\/site\\\/wp-content\\\/uploads\\\/2018\\\/01\\\/ROSAS-SITE-_20250504_091424_0001.jpg\",\"datePublished\":\"2018-01-30T00:27:35+00:00\",\"dateModified\":\"2026-03-17T23:04:25+00:00\",\"breadcrumb\":{\"@id\":\"https:\\\/\\\/patybuoso.com.br\\\/site\\\/produto\\\/pa-044-rosa-p\\\/#breadcrumb\"},\"inLanguage\":\"pt-BR\",\"potentialAction\":[{\"@type\":\"ReadAction\",\"target\":[\"https:\\\/\\\/patybuoso.com.br\\\/site\\\/produto\\\/pa-044-rosa-p\\\/\"]}]},{\"@type\":\"ImageObject\",\"inLanguage\":\"pt-BR\",\"@id\":\"https:\\\/\\\/patybuoso.com.br\\\/site\\\/produto\\\/pa-044-rosa-p\\\/#primaryimage\",\"url\":\"https:\\\/\\\/patybuoso.com.br\\\/site\\\/wp-content\\\/uploads\\\/2018\\\/01\\\/ROSAS-SITE-_20250504_091424_0001.jpg\",\"contentUrl\":\"https:\\\/\\\/patybuoso.com.br\\\/site\\\/wp-content\\\/uploads\\\/2018\\\/01\\\/ROSAS-SITE-_20250504_091424_0001.jpg\",\"width\":1280,\"height\":1280},{\"@type\":\"BreadcrumbList\",\"@id\":\"https:\\\/\\\/patybuoso.com.br\\\/site\\\/produto\\\/pa-044-rosa-p\\\/#breadcrumb\",\"itemListElement\":[{\"@type\":\"ListItem\",\"position\":1,\"name\":\"In\u00edcio\",\"item\":\"https:\\\/\\\/patybuoso.com.br\\\/site\\\/\"},{\"@type\":\"ListItem\",\"position\":2,\"name\":\"Loja\",\"item\":\"https:\\\/\\\/patybuoso.com.br\\\/site\\\/loja\\\/\"},{\"@type\":\"ListItem\",\"position\":3,\"name\":\"Pa 044 &#8211; Rosa Pequena\"}]},{\"@type\":\"WebSite\",\"@id\":\"https:\\\/\\\/patybuoso.com.br\\\/site\\\/#website\",\"url\":\"https:\\\/\\\/patybuoso.com.br\\\/site\\\/\",\"name\":\"Paty Buoso\",\"description\":\"Projetos para Pintura\",\"potentialAction\":[{\"@type\":\"SearchAction\",\"target\":{\"@type\":\"EntryPoint\",\"urlTemplate\":\"https:\\\/\\\/patybuoso.com.br\\\/site\\\/?s={search_term_string}\"},\"query-input\":{\"@type\":\"PropertyValueSpecification\",\"valueRequired\":true,\"valueName\":\"search_term_string\"}}],\"inLanguage\":\"pt-BR\"}]}<\/script>\n<!-- \/ Yoast SEO plugin. -->","yoast_head_json":{"title":"Pa 044 - Rosa Pequena - Paty Buoso","robots":{"index":"index","follow":"follow","max-snippet":"max-snippet:-1","max-image-preview":"max-image-preview:large","max-video-preview":"max-video-preview:-1"},"canonical":"https:\/\/patybuoso.com.br\/site\/produto\/pa-044-rosa-p\/","og_locale":"pt_BR","og_type":"article","og_title":"Pa 044 - Rosa Pequena - Paty Buoso","og_description":"Cont\u00e9m uma placa de acetado (stencil) tamanho A4, mais os negativos. Altura 6,5 cm. Perfeita para arranjos delicados, podendo inserir varias rosas num mesmo risco. O negativo vai te auxiliar muito na forma\u00e7\u00e3o. Voc\u00ea elabora seus riscos com os negativos, usando sua criatividade. Pintura em tecido. V\u00eddeo explicativo de como pintar com a placa\u00a0 no [&hellip;]","og_url":"https:\/\/patybuoso.com.br\/site\/produto\/pa-044-rosa-p\/","og_site_name":"Paty Buoso","article_modified_time":"2026-03-17T23:04:25+00:00","og_image":[{"width":1280,"height":1280,"url":"https:\/\/patybuoso.com.br\/site\/wp-content\/uploads\/2018\/01\/ROSAS-SITE-_20250504_091424_0001.jpg","type":"image\/jpeg"}],"twitter_card":"summary_large_image","twitter_misc":{"Est. tempo de leitura":"1 minuto"},"schema":{"@context":"https:\/\/schema.org","@graph":[{"@type":"WebPage","@id":"https:\/\/patybuoso.com.br\/site\/produto\/pa-044-rosa-p\/","url":"https:\/\/patybuoso.com.br\/site\/produto\/pa-044-rosa-p\/","name":"Pa 044 - Rosa Pequena - Paty Buoso","isPartOf":{"@id":"https:\/\/patybuoso.com.br\/site\/#website"},"primaryImageOfPage":{"@id":"https:\/\/patybuoso.com.br\/site\/produto\/pa-044-rosa-p\/#primaryimage"},"image":{"@id":"https:\/\/patybuoso.com.br\/site\/produto\/pa-044-rosa-p\/#primaryimage"},"thumbnailUrl":"https:\/\/patybuoso.com.br\/site\/wp-content\/uploads\/2018\/01\/ROSAS-SITE-_20250504_091424_0001.jpg","datePublished":"2018-01-30T00:27:35+00:00","dateModified":"2026-03-17T23:04:25+00:00","breadcrumb":{"@id":"https:\/\/patybuoso.com.br\/site\/produto\/pa-044-rosa-p\/#breadcrumb"},"inLanguage":"pt-BR","potentialAction":[{"@type":"ReadAction","target":["https:\/\/patybuoso.com.br\/site\/produto\/pa-044-rosa-p\/"]}]},{"@type":"ImageObject","inLanguage":"pt-BR","@id":"https:\/\/patybuoso.com.br\/site\/produto\/pa-044-rosa-p\/#primaryimage","url":"https:\/\/patybuoso.com.br\/site\/wp-content\/uploads\/2018\/01\/ROSAS-SITE-_20250504_091424_0001.jpg","contentUrl":"https:\/\/patybuoso.com.br\/site\/wp-content\/uploads\/2018\/01\/ROSAS-SITE-_20250504_091424_0001.jpg","width":1280,"height":1280},{"@type":"BreadcrumbList","@id":"https:\/\/patybuoso.com.br\/site\/produto\/pa-044-rosa-p\/#breadcrumb","itemListElement":[{"@type":"ListItem","position":1,"name":"In\u00edcio","item":"https:\/\/patybuoso.com.br\/site\/"},{"@type":"ListItem","position":2,"name":"Loja","item":"https:\/\/patybuoso.com.br\/site\/loja\/"},{"@type":"ListItem","position":3,"name":"Pa 044 &#8211; Rosa Pequena"}]},{"@type":"WebSite","@id":"https:\/\/patybuoso.com.br\/site\/#website","url":"https:\/\/patybuoso.com.br\/site\/","name":"Paty Buoso","description":"Projetos para Pintura","potentialAction":[{"@type":"SearchAction","target":{"@type":"EntryPoint","urlTemplate":"https:\/\/patybuoso.com.br\/site\/?s={search_term_string}"},"query-input":{"@type":"PropertyValueSpecification","valueRequired":true,"valueName":"search_term_string"}}],"inLanguage":"pt-BR"}]}},"_links":{"self":[{"href":"https:\/\/patybuoso.com.br\/site\/wp-json\/wp\/v2\/product\/447","targetHints":{"allow":["GET"]}}],"collection":[{"href":"https:\/\/patybuoso.com.br\/site\/wp-json\/wp\/v2\/product"}],"about":[{"href":"https:\/\/patybuoso.com.br\/site\/wp-json\/wp\/v2\/types\/product"}],"wp:featuredmedia":[{"embeddable":true,"href":"https:\/\/patybuoso.com.br\/site\/wp-json\/wp\/v2\/media\/7653"}],"wp:attachment":[{"href":"https:\/\/patybuoso.com.br\/site\/wp-json\/wp\/v2\/media?parent=447"}],"wp:term":[{"taxonomy":"product_brand","embeddable":true,"href":"https:\/\/patybuoso.com.br\/site\/wp-json\/wp\/v2\/product_brand?post=447"},{"taxonomy":"product_cat","embeddable":true,"href":"https:\/\/patybuoso.com.br\/site\/wp-json\/wp\/v2\/product_cat?post=447"},{"taxonomy":"product_tag","embeddable":true,"href":"https:\/\/patybuoso.com.br\/site\/wp-json\/wp\/v2\/product_tag?post=447"}],"curies":[{"name":"wp","href":"https:\/\/api.w.org\/{rel}","templated":true}]}}