{"id":4458,"date":"2021-05-17T19:19:20","date_gmt":"2021-05-17T22:19:20","guid":{"rendered":"https:\/\/patybuoso.com.br\/site\/?post_type=product&#038;p=4458"},"modified":"2025-08-03T17:46:20","modified_gmt":"2025-08-03T20:46:20","slug":"peras-com-estencil-pa-225","status":"publish","type":"product","link":"https:\/\/patybuoso.com.br\/site\/produto\/peras-com-estencil-pa-225\/","title":{"rendered":"Pa 225 &#8211; Peras com stencil &#8211; 21&#215;29"},"content":{"rendered":"<p>Cont\u00e9m uma placa de stencil tamanho A4 mais 14 negativos (4 peras, 9m folhas e uma flor) CONFERIDOS em saquinho. Contem ilustra\u00e7\u00e3o com uma foto colorida 13&#215;18, mais guia de cores.<\/p>\n<p>ATEN\u00c7\u00c3O: As placas foram passadas por um controle \u00a0de qualidade duplicado para enviar os negativos corretamente conferidos com total seguran\u00e7a por duas pessoas, por tanto est\u00e3o sendo enviadas uma placa A4 de molde, mais 14 negativos e mais uma ilustra\u00e7\u00e3o com guia de cores.<\/p>\n<p><iframe loading=\"lazy\" title=\"Live: Pintura em Tecido com Est\u00eancil: P\u00eara com Est\u00eancil passo a passo f\u00e1cil\" width=\"1080\" height=\"608\" src=\"https:\/\/www.youtube.com\/embed\/ZUDILtUv7To?feature=oembed\"  allow=\"accelerometer; autoplay; clipboard-write; encrypted-media; gyroscope; picture-in-picture; web-share\" referrerpolicy=\"strict-origin-when-cross-origin\" allowfullscreen><\/iframe><\/p>\n","protected":false},"excerpt":{"rendered":"<p>Cont\u00e9m uma placa de stencil tamanho A4 mais 14 negativos (4 peras, 9m folhas e uma flor) CONFERIDOS em saquinho. Contem ilustra\u00e7\u00e3o com uma foto colorida 13&#215;18, mais guia de cores. ATEN\u00c7\u00c3O: As placas foram passadas por um controle \u00a0de qualidade duplicado para enviar os negativos corretamente conferidos com total seguran\u00e7a por duas pessoas, por [&hellip;]<\/p>\n","protected":false},"featured_media":7745,"template":"","meta":{"_et_pb_use_builder":"","_et_pb_old_content":"","_et_gb_content_width":""},"product_brand":[],"product_cat":[71,32,21],"product_tag":[],"class_list":{"0":"post-4458","1":"product","2":"type-product","3":"status-publish","4":"has-post-thumbnail","6":"product_cat-frutas","7":"product_cat-kit-de-stencil-com-projeto","8":"product_cat-estencil-paty-buoso","10":"first","11":"instock","12":"shipping-taxable","13":"purchasable","14":"product-type-simple"},"yoast_head":"<!-- This site is optimized with the Yoast SEO plugin v27.4 - https:\/\/yoast.com\/product\/yoast-seo-wordpress\/ -->\n<title>Pa 225 - Peras com stencil - 21x29 - Paty Buoso<\/title>\n<meta name=\"robots\" content=\"index, follow, max-snippet:-1, max-image-preview:large, max-video-preview:-1\" \/>\n<link rel=\"canonical\" href=\"https:\/\/patybuoso.com.br\/site\/produto\/peras-com-estencil-pa-225\/\" \/>\n<meta property=\"og:locale\" content=\"pt_BR\" \/>\n<meta property=\"og:type\" content=\"article\" \/>\n<meta property=\"og:title\" content=\"Pa 225 - Peras com stencil - 21x29 - Paty Buoso\" \/>\n<meta property=\"og:description\" content=\"Cont\u00e9m uma placa de stencil tamanho A4 mais 14 negativos (4 peras, 9m folhas e uma flor) CONFERIDOS em saquinho. Contem ilustra\u00e7\u00e3o com uma foto colorida 13&#215;18, mais guia de cores. ATEN\u00c7\u00c3O: As placas foram passadas por um controle \u00a0de qualidade duplicado para enviar os negativos corretamente conferidos com total seguran\u00e7a por duas pessoas, por [&hellip;]\" \/>\n<meta property=\"og:url\" content=\"https:\/\/patybuoso.com.br\/site\/produto\/peras-com-estencil-pa-225\/\" \/>\n<meta property=\"og:site_name\" content=\"Paty Buoso\" \/>\n<meta property=\"article:modified_time\" content=\"2025-08-03T20:46:20+00:00\" \/>\n<meta property=\"og:image\" content=\"https:\/\/patybuoso.com.br\/site\/wp-content\/uploads\/2018\/01\/25_20250509_203819_0024.jpg\" \/>\n\t<meta property=\"og:image:width\" content=\"1280\" \/>\n\t<meta property=\"og:image:height\" content=\"1280\" \/>\n\t<meta property=\"og:image:type\" content=\"image\/jpeg\" \/>\n<meta name=\"twitter:card\" content=\"summary_large_image\" \/>\n<meta name=\"twitter:label1\" content=\"Est. tempo de leitura\" \/>\n\t<meta name=\"twitter:data1\" content=\"1 minuto\" \/>\n<script type=\"application\/ld+json\" class=\"yoast-schema-graph\">{\"@context\":\"https:\\\/\\\/schema.org\",\"@graph\":[{\"@type\":\"WebPage\",\"@id\":\"https:\\\/\\\/patybuoso.com.br\\\/site\\\/produto\\\/peras-com-estencil-pa-225\\\/\",\"url\":\"https:\\\/\\\/patybuoso.com.br\\\/site\\\/produto\\\/peras-com-estencil-pa-225\\\/\",\"name\":\"Pa 225 - Peras com stencil - 21x29 - Paty Buoso\",\"isPartOf\":{\"@id\":\"https:\\\/\\\/patybuoso.com.br\\\/site\\\/#website\"},\"primaryImageOfPage\":{\"@id\":\"https:\\\/\\\/patybuoso.com.br\\\/site\\\/produto\\\/peras-com-estencil-pa-225\\\/#primaryimage\"},\"image\":{\"@id\":\"https:\\\/\\\/patybuoso.com.br\\\/site\\\/produto\\\/peras-com-estencil-pa-225\\\/#primaryimage\"},\"thumbnailUrl\":\"https:\\\/\\\/patybuoso.com.br\\\/site\\\/wp-content\\\/uploads\\\/2018\\\/01\\\/25_20250509_203819_0024.jpg\",\"datePublished\":\"2021-05-17T22:19:20+00:00\",\"dateModified\":\"2025-08-03T20:46:20+00:00\",\"breadcrumb\":{\"@id\":\"https:\\\/\\\/patybuoso.com.br\\\/site\\\/produto\\\/peras-com-estencil-pa-225\\\/#breadcrumb\"},\"inLanguage\":\"pt-BR\",\"potentialAction\":[{\"@type\":\"ReadAction\",\"target\":[\"https:\\\/\\\/patybuoso.com.br\\\/site\\\/produto\\\/peras-com-estencil-pa-225\\\/\"]}]},{\"@type\":\"ImageObject\",\"inLanguage\":\"pt-BR\",\"@id\":\"https:\\\/\\\/patybuoso.com.br\\\/site\\\/produto\\\/peras-com-estencil-pa-225\\\/#primaryimage\",\"url\":\"https:\\\/\\\/patybuoso.com.br\\\/site\\\/wp-content\\\/uploads\\\/2018\\\/01\\\/25_20250509_203819_0024.jpg\",\"contentUrl\":\"https:\\\/\\\/patybuoso.com.br\\\/site\\\/wp-content\\\/uploads\\\/2018\\\/01\\\/25_20250509_203819_0024.jpg\",\"width\":1280,\"height\":1280},{\"@type\":\"BreadcrumbList\",\"@id\":\"https:\\\/\\\/patybuoso.com.br\\\/site\\\/produto\\\/peras-com-estencil-pa-225\\\/#breadcrumb\",\"itemListElement\":[{\"@type\":\"ListItem\",\"position\":1,\"name\":\"In\u00edcio\",\"item\":\"https:\\\/\\\/patybuoso.com.br\\\/site\\\/\"},{\"@type\":\"ListItem\",\"position\":2,\"name\":\"Loja\",\"item\":\"https:\\\/\\\/patybuoso.com.br\\\/site\\\/loja\\\/\"},{\"@type\":\"ListItem\",\"position\":3,\"name\":\"Pa 225 &#8211; Peras com stencil &#8211; 21&#215;29\"}]},{\"@type\":\"WebSite\",\"@id\":\"https:\\\/\\\/patybuoso.com.br\\\/site\\\/#website\",\"url\":\"https:\\\/\\\/patybuoso.com.br\\\/site\\\/\",\"name\":\"Paty Buoso\",\"description\":\"Projetos para Pintura\",\"potentialAction\":[{\"@type\":\"SearchAction\",\"target\":{\"@type\":\"EntryPoint\",\"urlTemplate\":\"https:\\\/\\\/patybuoso.com.br\\\/site\\\/?s={search_term_string}\"},\"query-input\":{\"@type\":\"PropertyValueSpecification\",\"valueRequired\":true,\"valueName\":\"search_term_string\"}}],\"inLanguage\":\"pt-BR\"}]}<\/script>\n<!-- \/ Yoast SEO plugin. -->","yoast_head_json":{"title":"Pa 225 - Peras com stencil - 21x29 - Paty Buoso","robots":{"index":"index","follow":"follow","max-snippet":"max-snippet:-1","max-image-preview":"max-image-preview:large","max-video-preview":"max-video-preview:-1"},"canonical":"https:\/\/patybuoso.com.br\/site\/produto\/peras-com-estencil-pa-225\/","og_locale":"pt_BR","og_type":"article","og_title":"Pa 225 - Peras com stencil - 21x29 - Paty Buoso","og_description":"Cont\u00e9m uma placa de stencil tamanho A4 mais 14 negativos (4 peras, 9m folhas e uma flor) CONFERIDOS em saquinho. Contem ilustra\u00e7\u00e3o com uma foto colorida 13&#215;18, mais guia de cores. ATEN\u00c7\u00c3O: As placas foram passadas por um controle \u00a0de qualidade duplicado para enviar os negativos corretamente conferidos com total seguran\u00e7a por duas pessoas, por [&hellip;]","og_url":"https:\/\/patybuoso.com.br\/site\/produto\/peras-com-estencil-pa-225\/","og_site_name":"Paty Buoso","article_modified_time":"2025-08-03T20:46:20+00:00","og_image":[{"width":1280,"height":1280,"url":"https:\/\/patybuoso.com.br\/site\/wp-content\/uploads\/2018\/01\/25_20250509_203819_0024.jpg","type":"image\/jpeg"}],"twitter_card":"summary_large_image","twitter_misc":{"Est. tempo de leitura":"1 minuto"},"schema":{"@context":"https:\/\/schema.org","@graph":[{"@type":"WebPage","@id":"https:\/\/patybuoso.com.br\/site\/produto\/peras-com-estencil-pa-225\/","url":"https:\/\/patybuoso.com.br\/site\/produto\/peras-com-estencil-pa-225\/","name":"Pa 225 - Peras com stencil - 21x29 - Paty Buoso","isPartOf":{"@id":"https:\/\/patybuoso.com.br\/site\/#website"},"primaryImageOfPage":{"@id":"https:\/\/patybuoso.com.br\/site\/produto\/peras-com-estencil-pa-225\/#primaryimage"},"image":{"@id":"https:\/\/patybuoso.com.br\/site\/produto\/peras-com-estencil-pa-225\/#primaryimage"},"thumbnailUrl":"https:\/\/patybuoso.com.br\/site\/wp-content\/uploads\/2018\/01\/25_20250509_203819_0024.jpg","datePublished":"2021-05-17T22:19:20+00:00","dateModified":"2025-08-03T20:46:20+00:00","breadcrumb":{"@id":"https:\/\/patybuoso.com.br\/site\/produto\/peras-com-estencil-pa-225\/#breadcrumb"},"inLanguage":"pt-BR","potentialAction":[{"@type":"ReadAction","target":["https:\/\/patybuoso.com.br\/site\/produto\/peras-com-estencil-pa-225\/"]}]},{"@type":"ImageObject","inLanguage":"pt-BR","@id":"https:\/\/patybuoso.com.br\/site\/produto\/peras-com-estencil-pa-225\/#primaryimage","url":"https:\/\/patybuoso.com.br\/site\/wp-content\/uploads\/2018\/01\/25_20250509_203819_0024.jpg","contentUrl":"https:\/\/patybuoso.com.br\/site\/wp-content\/uploads\/2018\/01\/25_20250509_203819_0024.jpg","width":1280,"height":1280},{"@type":"BreadcrumbList","@id":"https:\/\/patybuoso.com.br\/site\/produto\/peras-com-estencil-pa-225\/#breadcrumb","itemListElement":[{"@type":"ListItem","position":1,"name":"In\u00edcio","item":"https:\/\/patybuoso.com.br\/site\/"},{"@type":"ListItem","position":2,"name":"Loja","item":"https:\/\/patybuoso.com.br\/site\/loja\/"},{"@type":"ListItem","position":3,"name":"Pa 225 &#8211; Peras com stencil &#8211; 21&#215;29"}]},{"@type":"WebSite","@id":"https:\/\/patybuoso.com.br\/site\/#website","url":"https:\/\/patybuoso.com.br\/site\/","name":"Paty Buoso","description":"Projetos para Pintura","potentialAction":[{"@type":"SearchAction","target":{"@type":"EntryPoint","urlTemplate":"https:\/\/patybuoso.com.br\/site\/?s={search_term_string}"},"query-input":{"@type":"PropertyValueSpecification","valueRequired":true,"valueName":"search_term_string"}}],"inLanguage":"pt-BR"}]}},"_links":{"self":[{"href":"https:\/\/patybuoso.com.br\/site\/wp-json\/wp\/v2\/product\/4458","targetHints":{"allow":["GET"]}}],"collection":[{"href":"https:\/\/patybuoso.com.br\/site\/wp-json\/wp\/v2\/product"}],"about":[{"href":"https:\/\/patybuoso.com.br\/site\/wp-json\/wp\/v2\/types\/product"}],"wp:featuredmedia":[{"embeddable":true,"href":"https:\/\/patybuoso.com.br\/site\/wp-json\/wp\/v2\/media\/7745"}],"wp:attachment":[{"href":"https:\/\/patybuoso.com.br\/site\/wp-json\/wp\/v2\/media?parent=4458"}],"wp:term":[{"taxonomy":"product_brand","embeddable":true,"href":"https:\/\/patybuoso.com.br\/site\/wp-json\/wp\/v2\/product_brand?post=4458"},{"taxonomy":"product_cat","embeddable":true,"href":"https:\/\/patybuoso.com.br\/site\/wp-json\/wp\/v2\/product_cat?post=4458"},{"taxonomy":"product_tag","embeddable":true,"href":"https:\/\/patybuoso.com.br\/site\/wp-json\/wp\/v2\/product_tag?post=4458"}],"curies":[{"name":"wp","href":"https:\/\/api.w.org\/{rel}","templated":true}]}}