{"id":338,"date":"2018-01-29T19:05:49","date_gmt":"2018-01-29T22:05:49","guid":{"rendered":"https:\/\/patybuoso.com.br\/site\/?post_type=product&#038;p=338"},"modified":"2026-03-10T17:28:14","modified_gmt":"2026-03-10T20:28:14","slug":"pa-010-borboleta-para-fundo","status":"publish","type":"product","link":"https:\/\/patybuoso.com.br\/site\/produto\/pa-010-borboleta-para-fundo\/","title":{"rendered":"Pa 010 &#8211; Borboleta para Fundo 12&#215;24"},"content":{"rendered":"<p>Cont\u00e9m uma placa de Stencil 24&#215;12 com sobreposi\u00e7\u00e3o .<\/p>\n","protected":false},"excerpt":{"rendered":"<p>Cont\u00e9m uma placa de Stencil 24&#215;12 com sobreposi\u00e7\u00e3o .<\/p>\n","protected":false},"featured_media":7651,"template":"","meta":{"_et_pb_use_builder":"","_et_pb_old_content":"","_et_gb_content_width":""},"product_brand":[],"product_cat":[168,21],"product_tag":[],"class_list":{"0":"post-338","1":"product","2":"type-product","3":"status-publish","4":"has-post-thumbnail","6":"product_cat-borboletas","7":"product_cat-estencil-paty-buoso","9":"first","10":"instock","11":"shipping-taxable","12":"purchasable","13":"product-type-simple"},"yoast_head":"<!-- This site is optimized with the Yoast SEO plugin v27.3 - https:\/\/yoast.com\/product\/yoast-seo-wordpress\/ -->\n<title>Pa 010 - Borboleta para Fundo 12x24 - Paty Buoso<\/title>\n<meta name=\"robots\" content=\"index, follow, max-snippet:-1, max-image-preview:large, max-video-preview:-1\" \/>\n<link rel=\"canonical\" href=\"https:\/\/patybuoso.com.br\/site\/produto\/pa-010-borboleta-para-fundo\/\" \/>\n<meta property=\"og:locale\" content=\"pt_BR\" \/>\n<meta property=\"og:type\" content=\"article\" \/>\n<meta property=\"og:title\" content=\"Pa 010 - Borboleta para Fundo 12x24 - Paty Buoso\" \/>\n<meta property=\"og:description\" content=\"Cont\u00e9m uma placa de Stencil 24&#215;12 com sobreposi\u00e7\u00e3o .\" \/>\n<meta property=\"og:url\" content=\"https:\/\/patybuoso.com.br\/site\/produto\/pa-010-borboleta-para-fundo\/\" \/>\n<meta property=\"og:site_name\" content=\"Paty Buoso\" \/>\n<meta property=\"article:modified_time\" content=\"2026-03-10T20:28:14+00:00\" \/>\n<meta property=\"og:image\" content=\"https:\/\/patybuoso.com.br\/site\/wp-content\/uploads\/2018\/01\/BORBOLETAS-SITE-_20250504_084601_0004.jpg\" \/>\n\t<meta property=\"og:image:width\" content=\"1280\" \/>\n\t<meta property=\"og:image:height\" content=\"1280\" \/>\n\t<meta property=\"og:image:type\" content=\"image\/jpeg\" \/>\n<meta name=\"twitter:card\" content=\"summary_large_image\" \/>\n<meta name=\"twitter:label1\" content=\"Est. tempo de leitura\" \/>\n\t<meta name=\"twitter:data1\" content=\"1 minuto\" \/>\n<script type=\"application\/ld+json\" class=\"yoast-schema-graph\">{\"@context\":\"https:\\\/\\\/schema.org\",\"@graph\":[{\"@type\":\"WebPage\",\"@id\":\"https:\\\/\\\/patybuoso.com.br\\\/site\\\/produto\\\/pa-010-borboleta-para-fundo\\\/\",\"url\":\"https:\\\/\\\/patybuoso.com.br\\\/site\\\/produto\\\/pa-010-borboleta-para-fundo\\\/\",\"name\":\"Pa 010 - Borboleta para Fundo 12x24 - Paty Buoso\",\"isPartOf\":{\"@id\":\"https:\\\/\\\/patybuoso.com.br\\\/site\\\/#website\"},\"primaryImageOfPage\":{\"@id\":\"https:\\\/\\\/patybuoso.com.br\\\/site\\\/produto\\\/pa-010-borboleta-para-fundo\\\/#primaryimage\"},\"image\":{\"@id\":\"https:\\\/\\\/patybuoso.com.br\\\/site\\\/produto\\\/pa-010-borboleta-para-fundo\\\/#primaryimage\"},\"thumbnailUrl\":\"https:\\\/\\\/patybuoso.com.br\\\/site\\\/wp-content\\\/uploads\\\/2018\\\/01\\\/BORBOLETAS-SITE-_20250504_084601_0004.jpg\",\"datePublished\":\"2018-01-29T22:05:49+00:00\",\"dateModified\":\"2026-03-10T20:28:14+00:00\",\"breadcrumb\":{\"@id\":\"https:\\\/\\\/patybuoso.com.br\\\/site\\\/produto\\\/pa-010-borboleta-para-fundo\\\/#breadcrumb\"},\"inLanguage\":\"pt-BR\",\"potentialAction\":[{\"@type\":\"ReadAction\",\"target\":[\"https:\\\/\\\/patybuoso.com.br\\\/site\\\/produto\\\/pa-010-borboleta-para-fundo\\\/\"]}]},{\"@type\":\"ImageObject\",\"inLanguage\":\"pt-BR\",\"@id\":\"https:\\\/\\\/patybuoso.com.br\\\/site\\\/produto\\\/pa-010-borboleta-para-fundo\\\/#primaryimage\",\"url\":\"https:\\\/\\\/patybuoso.com.br\\\/site\\\/wp-content\\\/uploads\\\/2018\\\/01\\\/BORBOLETAS-SITE-_20250504_084601_0004.jpg\",\"contentUrl\":\"https:\\\/\\\/patybuoso.com.br\\\/site\\\/wp-content\\\/uploads\\\/2018\\\/01\\\/BORBOLETAS-SITE-_20250504_084601_0004.jpg\",\"width\":1280,\"height\":1280},{\"@type\":\"BreadcrumbList\",\"@id\":\"https:\\\/\\\/patybuoso.com.br\\\/site\\\/produto\\\/pa-010-borboleta-para-fundo\\\/#breadcrumb\",\"itemListElement\":[{\"@type\":\"ListItem\",\"position\":1,\"name\":\"In\u00edcio\",\"item\":\"https:\\\/\\\/patybuoso.com.br\\\/site\\\/\"},{\"@type\":\"ListItem\",\"position\":2,\"name\":\"Loja\",\"item\":\"https:\\\/\\\/patybuoso.com.br\\\/site\\\/loja\\\/\"},{\"@type\":\"ListItem\",\"position\":3,\"name\":\"Pa 010 &#8211; Borboleta para Fundo 12&#215;24\"}]},{\"@type\":\"WebSite\",\"@id\":\"https:\\\/\\\/patybuoso.com.br\\\/site\\\/#website\",\"url\":\"https:\\\/\\\/patybuoso.com.br\\\/site\\\/\",\"name\":\"Paty Buoso\",\"description\":\"Projetos para Pintura\",\"potentialAction\":[{\"@type\":\"SearchAction\",\"target\":{\"@type\":\"EntryPoint\",\"urlTemplate\":\"https:\\\/\\\/patybuoso.com.br\\\/site\\\/?s={search_term_string}\"},\"query-input\":{\"@type\":\"PropertyValueSpecification\",\"valueRequired\":true,\"valueName\":\"search_term_string\"}}],\"inLanguage\":\"pt-BR\"}]}<\/script>\n<!-- \/ Yoast SEO plugin. -->","yoast_head_json":{"title":"Pa 010 - Borboleta para Fundo 12x24 - Paty Buoso","robots":{"index":"index","follow":"follow","max-snippet":"max-snippet:-1","max-image-preview":"max-image-preview:large","max-video-preview":"max-video-preview:-1"},"canonical":"https:\/\/patybuoso.com.br\/site\/produto\/pa-010-borboleta-para-fundo\/","og_locale":"pt_BR","og_type":"article","og_title":"Pa 010 - Borboleta para Fundo 12x24 - Paty Buoso","og_description":"Cont\u00e9m uma placa de Stencil 24&#215;12 com sobreposi\u00e7\u00e3o .","og_url":"https:\/\/patybuoso.com.br\/site\/produto\/pa-010-borboleta-para-fundo\/","og_site_name":"Paty Buoso","article_modified_time":"2026-03-10T20:28:14+00:00","og_image":[{"width":1280,"height":1280,"url":"https:\/\/patybuoso.com.br\/site\/wp-content\/uploads\/2018\/01\/BORBOLETAS-SITE-_20250504_084601_0004.jpg","type":"image\/jpeg"}],"twitter_card":"summary_large_image","twitter_misc":{"Est. tempo de leitura":"1 minuto"},"schema":{"@context":"https:\/\/schema.org","@graph":[{"@type":"WebPage","@id":"https:\/\/patybuoso.com.br\/site\/produto\/pa-010-borboleta-para-fundo\/","url":"https:\/\/patybuoso.com.br\/site\/produto\/pa-010-borboleta-para-fundo\/","name":"Pa 010 - Borboleta para Fundo 12x24 - Paty Buoso","isPartOf":{"@id":"https:\/\/patybuoso.com.br\/site\/#website"},"primaryImageOfPage":{"@id":"https:\/\/patybuoso.com.br\/site\/produto\/pa-010-borboleta-para-fundo\/#primaryimage"},"image":{"@id":"https:\/\/patybuoso.com.br\/site\/produto\/pa-010-borboleta-para-fundo\/#primaryimage"},"thumbnailUrl":"https:\/\/patybuoso.com.br\/site\/wp-content\/uploads\/2018\/01\/BORBOLETAS-SITE-_20250504_084601_0004.jpg","datePublished":"2018-01-29T22:05:49+00:00","dateModified":"2026-03-10T20:28:14+00:00","breadcrumb":{"@id":"https:\/\/patybuoso.com.br\/site\/produto\/pa-010-borboleta-para-fundo\/#breadcrumb"},"inLanguage":"pt-BR","potentialAction":[{"@type":"ReadAction","target":["https:\/\/patybuoso.com.br\/site\/produto\/pa-010-borboleta-para-fundo\/"]}]},{"@type":"ImageObject","inLanguage":"pt-BR","@id":"https:\/\/patybuoso.com.br\/site\/produto\/pa-010-borboleta-para-fundo\/#primaryimage","url":"https:\/\/patybuoso.com.br\/site\/wp-content\/uploads\/2018\/01\/BORBOLETAS-SITE-_20250504_084601_0004.jpg","contentUrl":"https:\/\/patybuoso.com.br\/site\/wp-content\/uploads\/2018\/01\/BORBOLETAS-SITE-_20250504_084601_0004.jpg","width":1280,"height":1280},{"@type":"BreadcrumbList","@id":"https:\/\/patybuoso.com.br\/site\/produto\/pa-010-borboleta-para-fundo\/#breadcrumb","itemListElement":[{"@type":"ListItem","position":1,"name":"In\u00edcio","item":"https:\/\/patybuoso.com.br\/site\/"},{"@type":"ListItem","position":2,"name":"Loja","item":"https:\/\/patybuoso.com.br\/site\/loja\/"},{"@type":"ListItem","position":3,"name":"Pa 010 &#8211; Borboleta para Fundo 12&#215;24"}]},{"@type":"WebSite","@id":"https:\/\/patybuoso.com.br\/site\/#website","url":"https:\/\/patybuoso.com.br\/site\/","name":"Paty Buoso","description":"Projetos para Pintura","potentialAction":[{"@type":"SearchAction","target":{"@type":"EntryPoint","urlTemplate":"https:\/\/patybuoso.com.br\/site\/?s={search_term_string}"},"query-input":{"@type":"PropertyValueSpecification","valueRequired":true,"valueName":"search_term_string"}}],"inLanguage":"pt-BR"}]}},"_links":{"self":[{"href":"https:\/\/patybuoso.com.br\/site\/wp-json\/wp\/v2\/product\/338","targetHints":{"allow":["GET"]}}],"collection":[{"href":"https:\/\/patybuoso.com.br\/site\/wp-json\/wp\/v2\/product"}],"about":[{"href":"https:\/\/patybuoso.com.br\/site\/wp-json\/wp\/v2\/types\/product"}],"wp:featuredmedia":[{"embeddable":true,"href":"https:\/\/patybuoso.com.br\/site\/wp-json\/wp\/v2\/media\/7651"}],"wp:attachment":[{"href":"https:\/\/patybuoso.com.br\/site\/wp-json\/wp\/v2\/media?parent=338"}],"wp:term":[{"taxonomy":"product_brand","embeddable":true,"href":"https:\/\/patybuoso.com.br\/site\/wp-json\/wp\/v2\/product_brand?post=338"},{"taxonomy":"product_cat","embeddable":true,"href":"https:\/\/patybuoso.com.br\/site\/wp-json\/wp\/v2\/product_cat?post=338"},{"taxonomy":"product_tag","embeddable":true,"href":"https:\/\/patybuoso.com.br\/site\/wp-json\/wp\/v2\/product_tag?post=338"}],"curies":[{"name":"wp","href":"https:\/\/api.w.org\/{rel}","templated":true}]}}