{"id":106,"date":"2018-01-22T10:17:05","date_gmt":"2018-01-22T13:17:05","guid":{"rendered":"https:\/\/patybuoso.com.br\/site\/?post_type=product&#038;p=106"},"modified":"2026-03-21T23:06:13","modified_gmt":"2026-03-22T02:06:13","slug":"alfabeto-cursivo","status":"publish","type":"product","link":"https:\/\/patybuoso.com.br\/site\/produto\/alfabeto-cursivo\/","title":{"rendered":"Alfabeto Cursivo PADR\u00c3O"},"content":{"rendered":"<p>Alfabeto completo com letras mai\u00fasculas e min\u00fasculas mais n\u00fameros de 0 \u00e0 9. Tamanho das placas 12&#215;8 cm, tamanho da letra mai\u00fasculas mais ou menos 4.5 cm e min\u00fasculas 2 cm. Perfeito para personalizar pe\u00e7as como Fraldas, toalhas ou qualquer textura que precisar. Produto totalmente eficiente, facilitando seu trabalho.<\/p>\n<p><iframe loading=\"lazy\" title=\"Como pintar nome 3D com stencil | Pintura Em Tecido\" width=\"1080\" height=\"608\" src=\"https:\/\/www.youtube.com\/embed\/u84l9lP4RyM?feature=oembed\"  allow=\"accelerometer; autoplay; clipboard-write; encrypted-media; gyroscope; picture-in-picture; web-share\" referrerpolicy=\"strict-origin-when-cross-origin\" allowfullscreen><\/iframe><\/p>\n","protected":false},"excerpt":{"rendered":"<p>Alfabeto completo com letras mai\u00fasculas e min\u00fasculas mais n\u00fameros de 0 \u00e0 9. Tamanho das placas 12&#215;8 cm, tamanho da letra mai\u00fasculas mais ou menos 4.5 cm e min\u00fasculas 2 cm. Perfeito para personalizar pe\u00e7as como Fraldas, toalhas ou qualquer textura que precisar. Produto totalmente eficiente, facilitando seu trabalho.<\/p>\n","protected":false},"featured_media":8373,"template":"","meta":{"_et_pb_use_builder":"","_et_pb_old_content":"","_et_gb_content_width":""},"product_brand":[],"product_cat":[136,63,135],"product_tag":[134,64],"class_list":{"0":"post-106","1":"product","2":"type-product","3":"status-publish","4":"has-post-thumbnail","6":"product_cat-12x18","7":"product_cat-alfabeto","8":"product_cat-stencil-por-tamanho","9":"product_tag-stencil-artesanato-pinturaemtecido","10":"product_tag-alfabeto","12":"first","13":"instock","14":"shipping-taxable","15":"purchasable","16":"product-type-simple"},"yoast_head":"<!-- This site is optimized with the Yoast SEO plugin v27.4 - https:\/\/yoast.com\/product\/yoast-seo-wordpress\/ -->\n<title>Alfabeto Cursivo PADR\u00c3O - Paty Buoso<\/title>\n<meta name=\"robots\" content=\"index, follow, max-snippet:-1, max-image-preview:large, max-video-preview:-1\" \/>\n<link rel=\"canonical\" href=\"https:\/\/patybuoso.com.br\/site\/produto\/alfabeto-cursivo\/\" \/>\n<meta property=\"og:locale\" content=\"pt_BR\" \/>\n<meta property=\"og:type\" content=\"article\" \/>\n<meta property=\"og:title\" content=\"Alfabeto Cursivo PADR\u00c3O - Paty Buoso\" \/>\n<meta property=\"og:description\" content=\"Alfabeto completo com letras mai\u00fasculas e min\u00fasculas mais n\u00fameros de 0 \u00e0 9. Tamanho das placas 12&#215;8 cm, tamanho da letra mai\u00fasculas mais ou menos 4.5 cm e min\u00fasculas 2 cm. Perfeito para personalizar pe\u00e7as como Fraldas, toalhas ou qualquer textura que precisar. Produto totalmente eficiente, facilitando seu trabalho.\" \/>\n<meta property=\"og:url\" content=\"https:\/\/patybuoso.com.br\/site\/produto\/alfabeto-cursivo\/\" \/>\n<meta property=\"og:site_name\" content=\"Paty Buoso\" \/>\n<meta property=\"article:modified_time\" content=\"2026-03-22T02:06:13+00:00\" \/>\n<meta property=\"og:image\" content=\"https:\/\/patybuoso.com.br\/site\/wp-content\/uploads\/2018\/01\/Screenshot_20250601_231856_Canva.jpg\" \/>\n\t<meta property=\"og:image:width\" content=\"989\" \/>\n\t<meta property=\"og:image:height\" content=\"976\" \/>\n\t<meta property=\"og:image:type\" content=\"image\/jpeg\" \/>\n<meta name=\"twitter:card\" content=\"summary_large_image\" \/>\n<meta name=\"twitter:label1\" content=\"Est. tempo de leitura\" \/>\n\t<meta name=\"twitter:data1\" content=\"1 minuto\" \/>\n<script type=\"application\/ld+json\" class=\"yoast-schema-graph\">{\"@context\":\"https:\\\/\\\/schema.org\",\"@graph\":[{\"@type\":\"WebPage\",\"@id\":\"https:\\\/\\\/patybuoso.com.br\\\/site\\\/produto\\\/alfabeto-cursivo\\\/\",\"url\":\"https:\\\/\\\/patybuoso.com.br\\\/site\\\/produto\\\/alfabeto-cursivo\\\/\",\"name\":\"Alfabeto Cursivo PADR\u00c3O - Paty Buoso\",\"isPartOf\":{\"@id\":\"https:\\\/\\\/patybuoso.com.br\\\/site\\\/#website\"},\"primaryImageOfPage\":{\"@id\":\"https:\\\/\\\/patybuoso.com.br\\\/site\\\/produto\\\/alfabeto-cursivo\\\/#primaryimage\"},\"image\":{\"@id\":\"https:\\\/\\\/patybuoso.com.br\\\/site\\\/produto\\\/alfabeto-cursivo\\\/#primaryimage\"},\"thumbnailUrl\":\"https:\\\/\\\/patybuoso.com.br\\\/site\\\/wp-content\\\/uploads\\\/2018\\\/01\\\/Screenshot_20250601_231856_Canva.jpg\",\"datePublished\":\"2018-01-22T13:17:05+00:00\",\"dateModified\":\"2026-03-22T02:06:13+00:00\",\"breadcrumb\":{\"@id\":\"https:\\\/\\\/patybuoso.com.br\\\/site\\\/produto\\\/alfabeto-cursivo\\\/#breadcrumb\"},\"inLanguage\":\"pt-BR\",\"potentialAction\":[{\"@type\":\"ReadAction\",\"target\":[\"https:\\\/\\\/patybuoso.com.br\\\/site\\\/produto\\\/alfabeto-cursivo\\\/\"]}]},{\"@type\":\"ImageObject\",\"inLanguage\":\"pt-BR\",\"@id\":\"https:\\\/\\\/patybuoso.com.br\\\/site\\\/produto\\\/alfabeto-cursivo\\\/#primaryimage\",\"url\":\"https:\\\/\\\/patybuoso.com.br\\\/site\\\/wp-content\\\/uploads\\\/2018\\\/01\\\/Screenshot_20250601_231856_Canva.jpg\",\"contentUrl\":\"https:\\\/\\\/patybuoso.com.br\\\/site\\\/wp-content\\\/uploads\\\/2018\\\/01\\\/Screenshot_20250601_231856_Canva.jpg\",\"width\":989,\"height\":976},{\"@type\":\"BreadcrumbList\",\"@id\":\"https:\\\/\\\/patybuoso.com.br\\\/site\\\/produto\\\/alfabeto-cursivo\\\/#breadcrumb\",\"itemListElement\":[{\"@type\":\"ListItem\",\"position\":1,\"name\":\"In\u00edcio\",\"item\":\"https:\\\/\\\/patybuoso.com.br\\\/site\\\/\"},{\"@type\":\"ListItem\",\"position\":2,\"name\":\"Loja\",\"item\":\"https:\\\/\\\/patybuoso.com.br\\\/site\\\/loja\\\/\"},{\"@type\":\"ListItem\",\"position\":3,\"name\":\"Alfabeto Cursivo PADR\u00c3O\"}]},{\"@type\":\"WebSite\",\"@id\":\"https:\\\/\\\/patybuoso.com.br\\\/site\\\/#website\",\"url\":\"https:\\\/\\\/patybuoso.com.br\\\/site\\\/\",\"name\":\"Paty Buoso\",\"description\":\"Projetos para Pintura\",\"potentialAction\":[{\"@type\":\"SearchAction\",\"target\":{\"@type\":\"EntryPoint\",\"urlTemplate\":\"https:\\\/\\\/patybuoso.com.br\\\/site\\\/?s={search_term_string}\"},\"query-input\":{\"@type\":\"PropertyValueSpecification\",\"valueRequired\":true,\"valueName\":\"search_term_string\"}}],\"inLanguage\":\"pt-BR\"}]}<\/script>\n<!-- \/ Yoast SEO plugin. -->","yoast_head_json":{"title":"Alfabeto Cursivo PADR\u00c3O - Paty Buoso","robots":{"index":"index","follow":"follow","max-snippet":"max-snippet:-1","max-image-preview":"max-image-preview:large","max-video-preview":"max-video-preview:-1"},"canonical":"https:\/\/patybuoso.com.br\/site\/produto\/alfabeto-cursivo\/","og_locale":"pt_BR","og_type":"article","og_title":"Alfabeto Cursivo PADR\u00c3O - Paty Buoso","og_description":"Alfabeto completo com letras mai\u00fasculas e min\u00fasculas mais n\u00fameros de 0 \u00e0 9. Tamanho das placas 12&#215;8 cm, tamanho da letra mai\u00fasculas mais ou menos 4.5 cm e min\u00fasculas 2 cm. Perfeito para personalizar pe\u00e7as como Fraldas, toalhas ou qualquer textura que precisar. Produto totalmente eficiente, facilitando seu trabalho.","og_url":"https:\/\/patybuoso.com.br\/site\/produto\/alfabeto-cursivo\/","og_site_name":"Paty Buoso","article_modified_time":"2026-03-22T02:06:13+00:00","og_image":[{"width":989,"height":976,"url":"https:\/\/patybuoso.com.br\/site\/wp-content\/uploads\/2018\/01\/Screenshot_20250601_231856_Canva.jpg","type":"image\/jpeg"}],"twitter_card":"summary_large_image","twitter_misc":{"Est. tempo de leitura":"1 minuto"},"schema":{"@context":"https:\/\/schema.org","@graph":[{"@type":"WebPage","@id":"https:\/\/patybuoso.com.br\/site\/produto\/alfabeto-cursivo\/","url":"https:\/\/patybuoso.com.br\/site\/produto\/alfabeto-cursivo\/","name":"Alfabeto Cursivo PADR\u00c3O - Paty Buoso","isPartOf":{"@id":"https:\/\/patybuoso.com.br\/site\/#website"},"primaryImageOfPage":{"@id":"https:\/\/patybuoso.com.br\/site\/produto\/alfabeto-cursivo\/#primaryimage"},"image":{"@id":"https:\/\/patybuoso.com.br\/site\/produto\/alfabeto-cursivo\/#primaryimage"},"thumbnailUrl":"https:\/\/patybuoso.com.br\/site\/wp-content\/uploads\/2018\/01\/Screenshot_20250601_231856_Canva.jpg","datePublished":"2018-01-22T13:17:05+00:00","dateModified":"2026-03-22T02:06:13+00:00","breadcrumb":{"@id":"https:\/\/patybuoso.com.br\/site\/produto\/alfabeto-cursivo\/#breadcrumb"},"inLanguage":"pt-BR","potentialAction":[{"@type":"ReadAction","target":["https:\/\/patybuoso.com.br\/site\/produto\/alfabeto-cursivo\/"]}]},{"@type":"ImageObject","inLanguage":"pt-BR","@id":"https:\/\/patybuoso.com.br\/site\/produto\/alfabeto-cursivo\/#primaryimage","url":"https:\/\/patybuoso.com.br\/site\/wp-content\/uploads\/2018\/01\/Screenshot_20250601_231856_Canva.jpg","contentUrl":"https:\/\/patybuoso.com.br\/site\/wp-content\/uploads\/2018\/01\/Screenshot_20250601_231856_Canva.jpg","width":989,"height":976},{"@type":"BreadcrumbList","@id":"https:\/\/patybuoso.com.br\/site\/produto\/alfabeto-cursivo\/#breadcrumb","itemListElement":[{"@type":"ListItem","position":1,"name":"In\u00edcio","item":"https:\/\/patybuoso.com.br\/site\/"},{"@type":"ListItem","position":2,"name":"Loja","item":"https:\/\/patybuoso.com.br\/site\/loja\/"},{"@type":"ListItem","position":3,"name":"Alfabeto Cursivo PADR\u00c3O"}]},{"@type":"WebSite","@id":"https:\/\/patybuoso.com.br\/site\/#website","url":"https:\/\/patybuoso.com.br\/site\/","name":"Paty Buoso","description":"Projetos para Pintura","potentialAction":[{"@type":"SearchAction","target":{"@type":"EntryPoint","urlTemplate":"https:\/\/patybuoso.com.br\/site\/?s={search_term_string}"},"query-input":{"@type":"PropertyValueSpecification","valueRequired":true,"valueName":"search_term_string"}}],"inLanguage":"pt-BR"}]}},"_links":{"self":[{"href":"https:\/\/patybuoso.com.br\/site\/wp-json\/wp\/v2\/product\/106","targetHints":{"allow":["GET"]}}],"collection":[{"href":"https:\/\/patybuoso.com.br\/site\/wp-json\/wp\/v2\/product"}],"about":[{"href":"https:\/\/patybuoso.com.br\/site\/wp-json\/wp\/v2\/types\/product"}],"wp:featuredmedia":[{"embeddable":true,"href":"https:\/\/patybuoso.com.br\/site\/wp-json\/wp\/v2\/media\/8373"}],"wp:attachment":[{"href":"https:\/\/patybuoso.com.br\/site\/wp-json\/wp\/v2\/media?parent=106"}],"wp:term":[{"taxonomy":"product_brand","embeddable":true,"href":"https:\/\/patybuoso.com.br\/site\/wp-json\/wp\/v2\/product_brand?post=106"},{"taxonomy":"product_cat","embeddable":true,"href":"https:\/\/patybuoso.com.br\/site\/wp-json\/wp\/v2\/product_cat?post=106"},{"taxonomy":"product_tag","embeddable":true,"href":"https:\/\/patybuoso.com.br\/site\/wp-json\/wp\/v2\/product_tag?post=106"}],"curies":[{"name":"wp","href":"https:\/\/api.w.org\/{rel}","templated":true}]}}