{"id":721,"date":"2018-04-24T16:16:56","date_gmt":"2018-04-24T19:16:56","guid":{"rendered":"https:\/\/patybuoso.com.br\/site\/?page_id=721"},"modified":"2018-12-28T09:16:14","modified_gmt":"2018-12-28T12:16:14","slug":"cursos-online","status":"publish","type":"page","link":"https:\/\/patybuoso.com.br\/site\/cursos-online\/","title":{"rendered":"Cursos Online"},"content":{"rendered":"<p>[et_pb_section bb_built=&#8221;1&#8243; _builder_version=&#8221;3.17.6&#8243;][et_pb_row][et_pb_column type=&#8221;4_4&#8243;][et_pb_text admin_label=&#8221;Cursos Online&#8221; _builder_version=&#8221;3.1.1&#8243;]<\/p>\n<h1 style=\"text-align: center;\"><strong>Cursos Online<\/strong><\/h1>\n<p>[\/et_pb_text][et_pb_image _builder_version=&#8221;3.17.6&#8243; src=&#8221;https:\/\/patybuoso.com.br\/site\/wp-content\/uploads\/2018\/10\/aula01_modulo_basico.jpg&#8221; align=&#8221;center&#8221; \/][et_pb_text admin_label=&#8221;V\u00eddeo Aula de Pintura  em Tecido M\u00f3dulo I &#8211; Iniciando na Pintura em Tecido.  Valor: R$ 76,90  Introdu\u00e7\u00e3o de Materiais, todas as dicas para uso e cuidados.   Aula completa com passo a passo desde tirar o risco at\u00e9 acabamento.  Preenchendo espa\u00e7os com transi\u00e7\u00e3o de cores, sombreado, iluminar, base, fundo, composi\u00e7\u00e3o de estencil, luz seca e retoques.  Tudo que vc precisa saber pra pintar um projeto.   Esta v\u00eddeo aula e\u2019 interessante pra voc\u00ea que j\u00e1 pinta tamb\u00e9m, pois estamos compartilhando varias dicas importantes para um excelente resultado.   Enviamos o Projeto contendo foto 13&#215;18 colorida, lista de material e risco pelo correio por carta registrada e FRETE GRATIS.  Boa aula com Paty Buoso &#8221; _builder_version=&#8221;3.18.9&#8243;]<\/p>\n<h2 style=\"text-align: center;\"><strong>V\u00eddeo Aula de Pintura em Tecido<br \/><\/strong><br \/>M\u00f3dulo I &#8211; Iniciando na Pintura em Tecido<\/h2>\n<p style=\"text-align: left;\">Introdu\u00e7\u00e3o de Materiais, todas as dicas para uso e cuidados.<\/p>\n<p>Aula completa com passo a passo desde tirar o risco at\u00e9 acabamento.<\/p>\n<p>Preenchendo espa\u00e7os com transi\u00e7\u00e3o de cores, sombreado, iluminar, base, fundo, composi\u00e7\u00e3o de estencil, luz seca e retoques. <br \/>Tudo que vc precisa saber pra pintar um projeto.<\/p>\n<p>Esta v\u00eddeo aula \u00e9 interessante pra voc\u00ea que j\u00e1 pinta tamb\u00e9m, pois estamos compartilhando varias dicas importantes para um excelente resultado.<\/p>\n<p>Enviamos o Projeto contendo foto 13&#215;18 colorida, lista de material e risco pelo correio por carta registrada e FRETE GR\u00c1TIS.<\/p>\n<p><strong>Boa aula com Paty Buoso<\/strong><\/p>\n<p>[\/et_pb_text][et_pb_gallery _builder_version=&#8221;3.17.6&#8243; gallery_ids=&#8221;1490,1491,1492,1493,1494,1495,1496,1497,1498,1499&#8243; posts_number=&#8221;10&#8243; show_title_and_caption=&#8221;off&#8221; show_pagination=&#8221;off&#8221; zoom_icon_color=&#8221;#001976&#8243; hover_overlay_color=&#8221;rgba(255,255,255,0.9)&#8221; \/][et_pb_button _builder_version=&#8221;3.19.1&#8243; button_text=&#8221;Comprar&#8221; button_url=&#8221;https:\/\/patybuoso.com.br\/site\/produto\/modulo-i-iniciando-na-pintura-em-tecido\/&#8221; url_new_window=&#8221;on&#8221; button_alignment=&#8221;center&#8221; background_layout=&#8221;dark&#8221; custom_button=&#8221;on&#8221; button_text_color=&#8221;#ffffff&#8221; button_bg_color=&#8221;#e01fd0&#8243; button_border_radius=&#8221;10&#8243; \/][\/et_pb_column][\/et_pb_row][\/et_pb_section]<\/p>\n","protected":false},"excerpt":{"rendered":"<p><div class=\"et_pb_row et_pb_row_0 et_pb_row_empty\">\n\t\t\t\t\n\t\t\t\t\n\t\t\t\t\n\t\t\t\t\n\t\t\t\t\n\t\t\t<\/div> Cursos Online V\u00eddeo Aula de Pintura em TecidoM\u00f3dulo I &#8211; Iniciando na Pintura em Tecido Introdu\u00e7\u00e3o de Materiais, todas as dicas para uso e cuidados. Aula completa com passo a passo desde tirar o risco at\u00e9 acabamento. Preenchendo espa\u00e7os com transi\u00e7\u00e3o de cores, sombreado, iluminar, base, fundo, composi\u00e7\u00e3o de estencil, luz seca e retoques. [&hellip;]<\/p>\n","protected":false},"author":1,"featured_media":0,"parent":0,"menu_order":0,"comment_status":"closed","ping_status":"closed","template":"","meta":{"_et_pb_use_builder":"on","_et_pb_old_content":"","_et_gb_content_width":"","footnotes":""},"class_list":["post-721","page","type-page","status-publish","hentry"],"yoast_head":"<!-- This site is optimized with the Yoast SEO plugin v27.4 - https:\/\/yoast.com\/product\/yoast-seo-wordpress\/ -->\n<title>Cursos Online - Paty Buoso<\/title>\n<meta name=\"robots\" content=\"index, follow, max-snippet:-1, max-image-preview:large, max-video-preview:-1\" \/>\n<link rel=\"canonical\" href=\"https:\/\/patybuoso.com.br\/site\/cursos-online\/\" \/>\n<meta property=\"og:locale\" content=\"pt_BR\" \/>\n<meta property=\"og:type\" content=\"article\" \/>\n<meta property=\"og:title\" content=\"Cursos Online - Paty Buoso\" \/>\n<meta property=\"og:description\" content=\"Cursos Online V\u00eddeo Aula de Pintura em TecidoM\u00f3dulo I - Iniciando na Pintura em Tecido Introdu\u00e7\u00e3o de Materiais, todas as dicas para uso e cuidados. Aula completa com passo a passo desde tirar o risco at\u00e9 acabamento. Preenchendo espa\u00e7os com transi\u00e7\u00e3o de cores, sombreado, iluminar, base, fundo, composi\u00e7\u00e3o de estencil, luz seca e retoques. [&hellip;]\" \/>\n<meta property=\"og:url\" content=\"https:\/\/patybuoso.com.br\/site\/cursos-online\/\" \/>\n<meta property=\"og:site_name\" content=\"Paty Buoso\" \/>\n<meta property=\"article:modified_time\" content=\"2018-12-28T12:16:14+00:00\" \/>\n<meta name=\"twitter:card\" content=\"summary_large_image\" \/>\n<meta name=\"twitter:label1\" content=\"Est. tempo de leitura\" \/>\n\t<meta name=\"twitter:data1\" content=\"2 minutos\" \/>\n<script type=\"application\/ld+json\" class=\"yoast-schema-graph\">{\"@context\":\"https:\\\/\\\/schema.org\",\"@graph\":[{\"@type\":\"WebPage\",\"@id\":\"https:\\\/\\\/patybuoso.com.br\\\/site\\\/cursos-online\\\/\",\"url\":\"https:\\\/\\\/patybuoso.com.br\\\/site\\\/cursos-online\\\/\",\"name\":\"Cursos Online - Paty Buoso\",\"isPartOf\":{\"@id\":\"https:\\\/\\\/patybuoso.com.br\\\/site\\\/#website\"},\"datePublished\":\"2018-04-24T19:16:56+00:00\",\"dateModified\":\"2018-12-28T12:16:14+00:00\",\"breadcrumb\":{\"@id\":\"https:\\\/\\\/patybuoso.com.br\\\/site\\\/cursos-online\\\/#breadcrumb\"},\"inLanguage\":\"pt-BR\",\"potentialAction\":[{\"@type\":\"ReadAction\",\"target\":[\"https:\\\/\\\/patybuoso.com.br\\\/site\\\/cursos-online\\\/\"]}]},{\"@type\":\"BreadcrumbList\",\"@id\":\"https:\\\/\\\/patybuoso.com.br\\\/site\\\/cursos-online\\\/#breadcrumb\",\"itemListElement\":[{\"@type\":\"ListItem\",\"position\":1,\"name\":\"In\u00edcio\",\"item\":\"https:\\\/\\\/patybuoso.com.br\\\/site\\\/\"},{\"@type\":\"ListItem\",\"position\":2,\"name\":\"Cursos Online\"}]},{\"@type\":\"WebSite\",\"@id\":\"https:\\\/\\\/patybuoso.com.br\\\/site\\\/#website\",\"url\":\"https:\\\/\\\/patybuoso.com.br\\\/site\\\/\",\"name\":\"Paty Buoso\",\"description\":\"Projetos para Pintura\",\"potentialAction\":[{\"@type\":\"SearchAction\",\"target\":{\"@type\":\"EntryPoint\",\"urlTemplate\":\"https:\\\/\\\/patybuoso.com.br\\\/site\\\/?s={search_term_string}\"},\"query-input\":{\"@type\":\"PropertyValueSpecification\",\"valueRequired\":true,\"valueName\":\"search_term_string\"}}],\"inLanguage\":\"pt-BR\"}]}<\/script>\n<!-- \/ Yoast SEO plugin. -->","yoast_head_json":{"title":"Cursos Online - Paty Buoso","robots":{"index":"index","follow":"follow","max-snippet":"max-snippet:-1","max-image-preview":"max-image-preview:large","max-video-preview":"max-video-preview:-1"},"canonical":"https:\/\/patybuoso.com.br\/site\/cursos-online\/","og_locale":"pt_BR","og_type":"article","og_title":"Cursos Online - Paty Buoso","og_description":"Cursos Online V\u00eddeo Aula de Pintura em TecidoM\u00f3dulo I - Iniciando na Pintura em Tecido Introdu\u00e7\u00e3o de Materiais, todas as dicas para uso e cuidados. Aula completa com passo a passo desde tirar o risco at\u00e9 acabamento. Preenchendo espa\u00e7os com transi\u00e7\u00e3o de cores, sombreado, iluminar, base, fundo, composi\u00e7\u00e3o de estencil, luz seca e retoques. [&hellip;]","og_url":"https:\/\/patybuoso.com.br\/site\/cursos-online\/","og_site_name":"Paty Buoso","article_modified_time":"2018-12-28T12:16:14+00:00","twitter_card":"summary_large_image","twitter_misc":{"Est. tempo de leitura":"2 minutos"},"schema":{"@context":"https:\/\/schema.org","@graph":[{"@type":"WebPage","@id":"https:\/\/patybuoso.com.br\/site\/cursos-online\/","url":"https:\/\/patybuoso.com.br\/site\/cursos-online\/","name":"Cursos Online - Paty Buoso","isPartOf":{"@id":"https:\/\/patybuoso.com.br\/site\/#website"},"datePublished":"2018-04-24T19:16:56+00:00","dateModified":"2018-12-28T12:16:14+00:00","breadcrumb":{"@id":"https:\/\/patybuoso.com.br\/site\/cursos-online\/#breadcrumb"},"inLanguage":"pt-BR","potentialAction":[{"@type":"ReadAction","target":["https:\/\/patybuoso.com.br\/site\/cursos-online\/"]}]},{"@type":"BreadcrumbList","@id":"https:\/\/patybuoso.com.br\/site\/cursos-online\/#breadcrumb","itemListElement":[{"@type":"ListItem","position":1,"name":"In\u00edcio","item":"https:\/\/patybuoso.com.br\/site\/"},{"@type":"ListItem","position":2,"name":"Cursos Online"}]},{"@type":"WebSite","@id":"https:\/\/patybuoso.com.br\/site\/#website","url":"https:\/\/patybuoso.com.br\/site\/","name":"Paty Buoso","description":"Projetos para Pintura","potentialAction":[{"@type":"SearchAction","target":{"@type":"EntryPoint","urlTemplate":"https:\/\/patybuoso.com.br\/site\/?s={search_term_string}"},"query-input":{"@type":"PropertyValueSpecification","valueRequired":true,"valueName":"search_term_string"}}],"inLanguage":"pt-BR"}]}},"_links":{"self":[{"href":"https:\/\/patybuoso.com.br\/site\/wp-json\/wp\/v2\/pages\/721","targetHints":{"allow":["GET"]}}],"collection":[{"href":"https:\/\/patybuoso.com.br\/site\/wp-json\/wp\/v2\/pages"}],"about":[{"href":"https:\/\/patybuoso.com.br\/site\/wp-json\/wp\/v2\/types\/page"}],"author":[{"embeddable":true,"href":"https:\/\/patybuoso.com.br\/site\/wp-json\/wp\/v2\/users\/1"}],"replies":[{"embeddable":true,"href":"https:\/\/patybuoso.com.br\/site\/wp-json\/wp\/v2\/comments?post=721"}],"version-history":[{"count":13,"href":"https:\/\/patybuoso.com.br\/site\/wp-json\/wp\/v2\/pages\/721\/revisions"}],"predecessor-version":[{"id":1564,"href":"https:\/\/patybuoso.com.br\/site\/wp-json\/wp\/v2\/pages\/721\/revisions\/1564"}],"wp:attachment":[{"href":"https:\/\/patybuoso.com.br\/site\/wp-json\/wp\/v2\/media?parent=721"}],"curies":[{"name":"wp","href":"https:\/\/api.w.org\/{rel}","templated":true}]}}