{"id":67,"date":"2018-01-20T13:03:50","date_gmt":"2018-01-20T13:03:50","guid":{"rendered":"https:\/\/patybuoso.com.br\/site\/?page_id=67"},"modified":"2018-01-20T13:03:50","modified_gmt":"2018-01-20T13:03:50","slug":"politica-de-privacidade","status":"publish","type":"page","link":"https:\/\/patybuoso.com.br\/site\/politica-de-privacidade\/","title":{"rendered":"Pol\u00edtica de Privacidade"},"content":{"rendered":"<p>[et_pb_section bb_built=&#8221;1&#8243;][et_pb_row][et_pb_column type=&#8221;4_4&#8243;][et_pb_text _builder_version=&#8221;3.0.97&#8243; background_layout=&#8221;light&#8221;]<\/p>\n<h1 style=\"text-align: center;\"><strong>POL\u00cdTICA DE PRIVACIDADE<\/strong><\/h1>\n<p>[\/et_pb_text][et_pb_text _builder_version=&#8221;3.0.97&#8243; background_layout=&#8221;light&#8221;]<\/p>\n<p><strong>Compra Segura:<\/strong><br \/>\nTemos um especial compromisso com voc\u00ea, nosso cliente, quanto \u00e0 seguran\u00e7a e privacidade de seus dados. O respeito ao cliente e o sigilo de suas informa\u00e7\u00f5es \u00e9 muito importante para n\u00f3s.<\/p>\n<p><strong>Criptografia:<\/strong><br \/>\nTodas as informa\u00e7\u00f5es que passam pelo nosso processo de compra s\u00e3o automaticamente codificadas por um sistema tecnol\u00f3gico espec\u00edfico. Assim, seus dados pessoais, a forma de pagamento escolhida e toda e qualquer outra informa\u00e7\u00e3o fornecida no processo de compra \u00e9 codificada antes de ser transmitida. O \u00edcone &#8220;cadeado fechado&#8221; na parte inferior do seu monitor durante o preenchimento dos dados no Caixa \u00e9 um s\u00edmbolo da criptografia das informa\u00e7\u00f5es.<\/p>\n<p><strong>Pol\u00edtica de Privacidade:<\/strong><br \/>\nNossa Empresa n\u00e3o comercializar\u00e1 suas informa\u00e7\u00f5es pessoais. Tais informa\u00e7\u00f5es poder\u00e3o, entretanto, ser agrupadas conforme determinados crit\u00e9rios e utilizadas como estat\u00edsticas gen\u00e9ricas objetivando um melhor entendimento do perfil do consumidor.<\/p>\n<p><strong>D\u00favidas ou Sugest\u00f5es<\/strong>:<br \/>\nCaso tenha qualquer d\u00favida ou sugest\u00e3o sobre a nossa pol\u00edtica de privacidade ou sobre qualquer outro aspecto do nosso processo de compra, n\u00e3o deixe de nos contatar.<\/p>\n<p>[\/et_pb_text][\/et_pb_column][\/et_pb_row][\/et_pb_section]<\/p>\n","protected":false},"excerpt":{"rendered":"<p><div class=\"et_pb_row et_pb_row_0 et_pb_row_empty\">\n\t\t\t\t\n\t\t\t\t\n\t\t\t\t\n\t\t\t\t\n\t\t\t\t\n\t\t\t<\/div> POL\u00cdTICA DE PRIVACIDADE Compra Segura: Temos um especial compromisso com voc\u00ea, nosso cliente, quanto \u00e0 seguran\u00e7a e privacidade de seus dados. O respeito ao cliente e o sigilo de suas informa\u00e7\u00f5es \u00e9 muito importante para n\u00f3s. Criptografia: Todas as informa\u00e7\u00f5es que passam pelo nosso processo de compra s\u00e3o automaticamente codificadas por um sistema tecnol\u00f3gico [&hellip;]<\/p>\n","protected":false},"author":1,"featured_media":0,"parent":0,"menu_order":0,"comment_status":"closed","ping_status":"closed","template":"","meta":{"_et_pb_use_builder":"on","_et_pb_old_content":"","_et_gb_content_width":"","footnotes":""},"class_list":["post-67","page","type-page","status-publish","hentry"],"yoast_head":"<!-- This site is optimized with the Yoast SEO plugin v27.4 - https:\/\/yoast.com\/product\/yoast-seo-wordpress\/ -->\n<title>Pol\u00edtica de Privacidade - Paty Buoso<\/title>\n<meta name=\"robots\" content=\"index, follow, max-snippet:-1, max-image-preview:large, max-video-preview:-1\" \/>\n<link rel=\"canonical\" href=\"https:\/\/patybuoso.com.br\/site\/politica-de-privacidade\/\" \/>\n<meta property=\"og:locale\" content=\"pt_BR\" \/>\n<meta property=\"og:type\" content=\"article\" \/>\n<meta property=\"og:title\" content=\"Pol\u00edtica de Privacidade - Paty Buoso\" \/>\n<meta property=\"og:description\" content=\"POL\u00cdTICA DE PRIVACIDADE Compra Segura: Temos um especial compromisso com voc\u00ea, nosso cliente, quanto \u00e0 seguran\u00e7a e privacidade de seus dados. O respeito ao cliente e o sigilo de suas informa\u00e7\u00f5es \u00e9 muito importante para n\u00f3s. Criptografia: Todas as informa\u00e7\u00f5es que passam pelo nosso processo de compra s\u00e3o automaticamente codificadas por um sistema tecnol\u00f3gico [&hellip;]\" \/>\n<meta property=\"og:url\" content=\"https:\/\/patybuoso.com.br\/site\/politica-de-privacidade\/\" \/>\n<meta property=\"og:site_name\" content=\"Paty Buoso\" \/>\n<meta name=\"twitter:card\" content=\"summary_large_image\" \/>\n<meta name=\"twitter:label1\" content=\"Est. tempo de leitura\" \/>\n\t<meta name=\"twitter:data1\" content=\"1 minuto\" \/>\n<script type=\"application\/ld+json\" class=\"yoast-schema-graph\">{\"@context\":\"https:\\\/\\\/schema.org\",\"@graph\":[{\"@type\":\"WebPage\",\"@id\":\"https:\\\/\\\/patybuoso.com.br\\\/site\\\/politica-de-privacidade\\\/\",\"url\":\"https:\\\/\\\/patybuoso.com.br\\\/site\\\/politica-de-privacidade\\\/\",\"name\":\"Pol\u00edtica de Privacidade - Paty Buoso\",\"isPartOf\":{\"@id\":\"https:\\\/\\\/patybuoso.com.br\\\/site\\\/#website\"},\"datePublished\":\"2018-01-20T13:03:50+00:00\",\"breadcrumb\":{\"@id\":\"https:\\\/\\\/patybuoso.com.br\\\/site\\\/politica-de-privacidade\\\/#breadcrumb\"},\"inLanguage\":\"pt-BR\",\"potentialAction\":[{\"@type\":\"ReadAction\",\"target\":[\"https:\\\/\\\/patybuoso.com.br\\\/site\\\/politica-de-privacidade\\\/\"]}]},{\"@type\":\"BreadcrumbList\",\"@id\":\"https:\\\/\\\/patybuoso.com.br\\\/site\\\/politica-de-privacidade\\\/#breadcrumb\",\"itemListElement\":[{\"@type\":\"ListItem\",\"position\":1,\"name\":\"In\u00edcio\",\"item\":\"https:\\\/\\\/patybuoso.com.br\\\/site\\\/\"},{\"@type\":\"ListItem\",\"position\":2,\"name\":\"Pol\u00edtica de Privacidade\"}]},{\"@type\":\"WebSite\",\"@id\":\"https:\\\/\\\/patybuoso.com.br\\\/site\\\/#website\",\"url\":\"https:\\\/\\\/patybuoso.com.br\\\/site\\\/\",\"name\":\"Paty Buoso\",\"description\":\"Projetos para Pintura\",\"potentialAction\":[{\"@type\":\"SearchAction\",\"target\":{\"@type\":\"EntryPoint\",\"urlTemplate\":\"https:\\\/\\\/patybuoso.com.br\\\/site\\\/?s={search_term_string}\"},\"query-input\":{\"@type\":\"PropertyValueSpecification\",\"valueRequired\":true,\"valueName\":\"search_term_string\"}}],\"inLanguage\":\"pt-BR\"}]}<\/script>\n<!-- \/ Yoast SEO plugin. -->","yoast_head_json":{"title":"Pol\u00edtica de Privacidade - Paty Buoso","robots":{"index":"index","follow":"follow","max-snippet":"max-snippet:-1","max-image-preview":"max-image-preview:large","max-video-preview":"max-video-preview:-1"},"canonical":"https:\/\/patybuoso.com.br\/site\/politica-de-privacidade\/","og_locale":"pt_BR","og_type":"article","og_title":"Pol\u00edtica de Privacidade - Paty Buoso","og_description":"POL\u00cdTICA DE PRIVACIDADE Compra Segura: Temos um especial compromisso com voc\u00ea, nosso cliente, quanto \u00e0 seguran\u00e7a e privacidade de seus dados. O respeito ao cliente e o sigilo de suas informa\u00e7\u00f5es \u00e9 muito importante para n\u00f3s. Criptografia: Todas as informa\u00e7\u00f5es que passam pelo nosso processo de compra s\u00e3o automaticamente codificadas por um sistema tecnol\u00f3gico [&hellip;]","og_url":"https:\/\/patybuoso.com.br\/site\/politica-de-privacidade\/","og_site_name":"Paty Buoso","twitter_card":"summary_large_image","twitter_misc":{"Est. tempo de leitura":"1 minuto"},"schema":{"@context":"https:\/\/schema.org","@graph":[{"@type":"WebPage","@id":"https:\/\/patybuoso.com.br\/site\/politica-de-privacidade\/","url":"https:\/\/patybuoso.com.br\/site\/politica-de-privacidade\/","name":"Pol\u00edtica de Privacidade - Paty Buoso","isPartOf":{"@id":"https:\/\/patybuoso.com.br\/site\/#website"},"datePublished":"2018-01-20T13:03:50+00:00","breadcrumb":{"@id":"https:\/\/patybuoso.com.br\/site\/politica-de-privacidade\/#breadcrumb"},"inLanguage":"pt-BR","potentialAction":[{"@type":"ReadAction","target":["https:\/\/patybuoso.com.br\/site\/politica-de-privacidade\/"]}]},{"@type":"BreadcrumbList","@id":"https:\/\/patybuoso.com.br\/site\/politica-de-privacidade\/#breadcrumb","itemListElement":[{"@type":"ListItem","position":1,"name":"In\u00edcio","item":"https:\/\/patybuoso.com.br\/site\/"},{"@type":"ListItem","position":2,"name":"Pol\u00edtica de Privacidade"}]},{"@type":"WebSite","@id":"https:\/\/patybuoso.com.br\/site\/#website","url":"https:\/\/patybuoso.com.br\/site\/","name":"Paty Buoso","description":"Projetos para Pintura","potentialAction":[{"@type":"SearchAction","target":{"@type":"EntryPoint","urlTemplate":"https:\/\/patybuoso.com.br\/site\/?s={search_term_string}"},"query-input":{"@type":"PropertyValueSpecification","valueRequired":true,"valueName":"search_term_string"}}],"inLanguage":"pt-BR"}]}},"_links":{"self":[{"href":"https:\/\/patybuoso.com.br\/site\/wp-json\/wp\/v2\/pages\/67","targetHints":{"allow":["GET"]}}],"collection":[{"href":"https:\/\/patybuoso.com.br\/site\/wp-json\/wp\/v2\/pages"}],"about":[{"href":"https:\/\/patybuoso.com.br\/site\/wp-json\/wp\/v2\/types\/page"}],"author":[{"embeddable":true,"href":"https:\/\/patybuoso.com.br\/site\/wp-json\/wp\/v2\/users\/1"}],"replies":[{"embeddable":true,"href":"https:\/\/patybuoso.com.br\/site\/wp-json\/wp\/v2\/comments?post=67"}],"version-history":[{"count":1,"href":"https:\/\/patybuoso.com.br\/site\/wp-json\/wp\/v2\/pages\/67\/revisions"}],"predecessor-version":[{"id":68,"href":"https:\/\/patybuoso.com.br\/site\/wp-json\/wp\/v2\/pages\/67\/revisions\/68"}],"wp:attachment":[{"href":"https:\/\/patybuoso.com.br\/site\/wp-json\/wp\/v2\/media?parent=67"}],"curies":[{"name":"wp","href":"https:\/\/api.w.org\/{rel}","templated":true}]}}